{"id":3854,"date":"2025-06-25T08:56:51","date_gmt":"2025-06-25T08:56:51","guid":{"rendered":"https:\/\/edu-link.de\/?page_id=3854"},"modified":"2026-03-19T13:45:15","modified_gmt":"2026-03-19T13:45:15","slug":"knowledge-hub","status":"publish","type":"page","link":"https:\/\/edu-link.de\/en\/knowledge-hub\/","title":{"rendered":"Knowledge Hub"},"content":{"rendered":"<h1 class=\"wp-block-heading has-text-align-center has-white-color has-text-color has-background wp-elements-40313c5b42ecb21cbdef344d6d862ecf\" style=\"border-radius:40px;background-color:#2e5077\">Knowledge Hub \u2013 Guides, Tipps &amp; Strategien f\u00fcr deine Pr\u00fcfungsvorbereitung<\/h1>\n\n\n\n<p class=\"has-tertiary-color has-text-color\" style=\"font-size:14px\">Willkommen im edulink Knowledge Hub. Hier findest du alle Guides, Tipps und Strategien f\u00fcr deine Vorbereitung auf TestAS, Deltapr\u00fcfung, Leuphana Studierf\u00e4higkeitstest, HSG Aufnahmetest und KL Krems Admission Test.<\/p>","protected":false},"excerpt":{"rendered":"<p>Knowledge Hub \u2013 Guides, Tipps &amp; Strategien f\u00fcr deine Pr\u00fcfungsvorbereitung Willkommen im edulink Knowledge Hub. Hier findest du alle Guides, Tipps und Strategien f\u00fcr deine Vorbereitung auf TestAS, Deltapr\u00fcfung, Leuphana Studierf\u00e4higkeitstest, HSG Aufnahmetest und KL Krems Admission Test.<\/p>","protected":false},"author":1,"featured_media":0,"parent":0,"menu_order":0,"comment_status":"closed","ping_status":"closed","template":"","meta":{"_uag_custom_page_level_css":"","footnotes":""},"class_list":["post-3854","page","type-page","status-publish","hentry"],"featured_image_url":[],"post_author":"Sofia Neumann","assigned_categories":"","uagb_featured_image_src":{"full":false,"thumbnail":false,"medium":false,"medium_large":false,"large":false,"1536x1536":false,"2048x2048":false,"trp-custom-language-flag":false},"uagb_author_info":{"display_name":"Sofia Neumann","author_link":"https:\/\/edu-link.de\/en\/author\/admin\/"},"uagb_comment_info":0,"uagb_excerpt":"Knowledge Hub \u2013 Guides, Tipps &amp; Strategien f\u00fcr deine Pr\u00fcfungsvorbereitung Willkommen im edulink Knowledge Hub. Hier findest du alle Guides, Tipps und Strategien f\u00fcr deine Vorbereitung auf TestAS, Deltapr\u00fcfung, Leuphana Studierf\u00e4higkeitstest, HSG Aufnahmetest und KL Krems Admission Test.","_links":{"self":[{"href":"https:\/\/edu-link.de\/en\/wp-json\/wp\/v2\/pages\/3854","targetHints":{"allow":["GET"]}}],"collection":[{"href":"https:\/\/edu-link.de\/en\/wp-json\/wp\/v2\/pages"}],"about":[{"href":"https:\/\/edu-link.de\/en\/wp-json\/wp\/v2\/types\/page"}],"author":[{"embeddable":true,"href":"https:\/\/edu-link.de\/en\/wp-json\/wp\/v2\/users\/1"}],"replies":[{"embeddable":true,"href":"https:\/\/edu-link.de\/en\/wp-json\/wp\/v2\/comments?post=3854"}],"version-history":[{"count":2,"href":"https:\/\/edu-link.de\/en\/wp-json\/wp\/v2\/pages\/3854\/revisions"}],"predecessor-version":[{"id":6578,"href":"https:\/\/edu-link.de\/en\/wp-json\/wp\/v2\/pages\/3854\/revisions\/6578"}],"wp:attachment":[{"href":"https:\/\/edu-link.de\/en\/wp-json\/wp\/v2\/media?parent=3854"}],"curies":[{"name":"wp","href":"https:\/\/api.w.org\/{rel}","templated":true}]}}