{"id":362,"date":"2025-02-24T07:56:39","date_gmt":"2025-02-24T07:56:39","guid":{"rendered":"https:\/\/edu-link.de\/?page_id=362"},"modified":"2026-03-19T13:17:46","modified_gmt":"2026-03-19T13:17:46","slug":"hsg-zulassungshilfe","status":"publish","type":"page","link":"https:\/\/edu-link.de\/en\/hsg-zulassungshilfe\/","title":{"rendered":"St. Gallen"},"content":{"rendered":"<div class=\"wp-block-cover aligncenter has-parallax has-white-color has-text-color has-link-color wp-elements-5a04f0b8b4c180c0c3a3cbada01a00e7\" style=\"border-radius:40px;min-height:70vh;aspect-ratio:unset;\"><div role=\"img\" aria-label=\"Study in Switzerland, University of St. Gallen\" class=\"wp-block-cover__image-background wp-image-564 has-parallax\" style=\"background-position:50% 50%;background-image:url(https:\/\/edu-link.de\/wp-content\/uploads\/2025\/03\/mountains-5237937-pixabay-250301-1024x683.jpg)\"><\/div><span aria-hidden=\"true\" class=\"wp-block-cover__background has-contrast-background-color has-background-dim\"><\/span><div class=\"wp-block-cover__inner-container has-global-padding is-layout-constrained wp-container-core-cover-is-layout-f6f8c0cc wp-block-cover-is-layout-constrained\">\n<h1 class=\"wp-block-heading has-text-align-center has-white-color has-text-color has-link-color wp-elements-15720f7863d86b279e53fba934f6d19b\" style=\"font-size:clamp(16.834px, 1.052rem + ((1vw - 3.2px) * 1.042), 26px);\"><strong><strong>About the HSG Selection Procedure <\/strong><\/strong><\/h1>\n\n\n\n<h2 class=\"wp-block-heading has-text-align-center\" style=\"font-size:clamp(14px, 0.875rem + ((1vw - 3.2px) * 0.682), 20px);\"><strong><strong>(University of St. Gallen)<\/strong><\/strong><\/h2>\n\n\n\n<div style=\"height:25px\" aria-hidden=\"true\" class=\"wp-block-spacer\"><\/div>\n\n\n\n<p class=\"has-text-align-center has-white-color has-text-color has-link-color has-small-font-size wp-elements-54058bd4be876c68afb7d3dfb7e9b773\">The University of St. Gallen requires international applicants to its bachelor\u2019s programs to complete a selection process. The key component is an online aptitude test, and depending on the results, candidates may also need to tape a video interview covering their motivations and interests.<\/p>\n\n\n\n<p class=\"has-text-align-center has-white-color has-text-color has-link-color has-small-font-size wp-elements-291a150a6af36a14104c87e35baa7c50\">Our comprehensive preparation books provide step-by-step guidance through every stage of the HSG selection procedure \u2014 the ideal companion to help you succeed on your academic journey.<\/p>\n<\/div><\/div>\n\n\n\n<div style=\"height:100px\" aria-hidden=\"true\" class=\"wp-block-spacer\"><\/div>\n\n\n\n<h2 class=\"wp-block-heading alignfull has-text-align-center has-white-color has-contrast-background-color has-text-color has-background has-poppins-font-family\" id=\"stgallenfaq\" style=\"border-radius:40px;margin-top:var(--wp--preset--spacing--30);margin-bottom:var(--wp--preset--spacing--30);font-size:clamp(14.642px, 0.915rem + ((1vw - 3.2px) * 0.836), 22px);font-style:normal;font-weight:600\">FAQ<\/h2>\n\n\n\n\n\n\n\n\n\n\n\n\n\n\n\n\n\n<details class=\"wp-block-details has-tertiary-color has-text-color has-poppins-font-family has-small-font-size is-layout-flow wp-block-details-is-layout-flow\" style=\"font-style:normal;font-weight:400;line-height:1.5\"><summary><strong>Who is required to take the aptitude test?<\/strong><\/summary>\n<p style=\"font-size:14px;font-style:normal;font-weight:400\">Applicants for a bachelor&#8217;s degree without Swiss or Liechtenstein nationality or residence permit C, or without a recognized Swiss or Liechtenstein certificate of secondary education, or without a university degree. Application requirements vary by country, so it is best to select your country and research specific requirements which apply to you <a href=\"https:\/\/www.unisg.ch\/en\/studying\/admission\/online-application\/\" target=\"_blank\" rel=\"noreferrer noopener\">here<\/a>.\u00a0<\/p>\n<\/details>\n\n\n\n<details class=\"wp-block-details has-tertiary-color has-text-color has-poppins-font-family has-small-font-size is-layout-flow wp-block-details-is-layout-flow\" style=\"font-style:normal;font-weight:400;line-height:1.5\"><summary><strong>How do I apply for the selection procedure?<\/strong><\/summary>\n<p style=\"font-size:14px;font-style:normal;font-weight:400\">Applications for the selection procedure can be made <a href=\"https:\/\/www.unisg.ch\/en\/studying\/admission\/online-application\/\" target=\"_blank\" rel=\"noreferrer noopener\">online<\/a>.<\/p>\n<\/details>\n\n\n\n<details class=\"wp-block-details has-tertiary-color has-text-color has-poppins-font-family has-small-font-size is-layout-flow wp-block-details-is-layout-flow\" style=\"font-style:normal;font-weight:400;line-height:1.5\"><summary><strong>When does the selection procedure take place?<\/strong><\/summary>\n<p style=\"font-size:14px;font-style:normal;font-weight:400\">The selection procedure takes place twice a year, in February and June. Please refer to the official website for exact dates and deadlines.<\/p>\n<\/details>\n\n\n\n<details class=\"wp-block-details has-tertiary-color has-text-color has-poppins-font-family has-small-font-size is-layout-flow wp-block-details-is-layout-flow\" style=\"font-style:normal;font-weight:400;line-height:1.5\"><summary><strong>Where does the selection procedure take place?<\/strong><\/summary>\n<p style=\"font-size:14px;font-style:normal;font-weight:400\">The selection procedure takes place online from your own home.<\/p>\n<\/details>\n\n\n\n<details class=\"wp-block-details has-tertiary-color has-text-color has-poppins-font-family has-small-font-size is-layout-flow wp-block-details-is-layout-flow\" style=\"font-style:normal;font-weight:400;line-height:1.5\"><summary><strong><strong>What can I expect during the selection procedure?<\/strong><\/strong><\/summary>\n<p style=\"font-size:14px;font-style:normal;font-weight:400\">The selection procedure consists of two parts. The first part is an online aptitude test which is administered in February or June. Depending on your test results, you will either be admitted to the university directly or required to submit an additional video interview. The video interview will take place the same week of receiving your test results.<\/p>\n<\/details>\n\n\n\n<details class=\"wp-block-details has-tertiary-color has-text-color has-poppins-font-family has-small-font-size is-layout-flow wp-block-details-is-layout-flow\" style=\"font-style:normal;font-weight:400;line-height:1.5\"><summary><strong><strong>What should I learn in order to prepare?<\/strong><\/strong><\/summary>\n<p style=\"font-size:14px;font-style:normal;font-weight:400\">One of the best ways to prepare for the St. Gallen admission process is through our <a href=\"#unserestgallen\">preparation books<\/a>. Our books offer structured study materials, practice questions, and expert strategies to help you succeed. They provide clear explanations of key concepts, highlight areas for improvement, and include full-length practice tests to simulate real exam conditions. Additionally, through our test prep books, you will learn to improve your time management, boost your confidence, and increase your chances of achieving a higher score. We offer a variety of books to help guide you through the process, from video interviews to exam preparation. Click <a href=\"https:\/\/www.amazon.de\/-\/en\/dp\/B0BTLFLJ69?binding=paperback&amp;qid=1740385361&amp;sr=8-3&amp;ref=dbs_dp_rwt_sb_pc_tpbk\" target=\"_blank\" rel=\"noreferrer noopener\">here<\/a> to visit our Amazon bookstore.<\/p>\n<\/details>\n\n\n\n<details class=\"wp-block-details has-tertiary-color has-text-color has-poppins-font-family has-small-font-size is-layout-flow wp-block-details-is-layout-flow\" style=\"font-style:normal;font-weight:400;line-height:1.5\"><summary><strong><strong>Other questions?<\/strong><\/strong><\/summary>\n<p style=\"font-size:14px;font-style:normal;font-weight:400\">Take a look at our <a data-type=\"link\" data-id=\"https:\/\/edu-link.de\/en\/forum\/\" href=\"https:\/\/edu-link.de\/en\/forum\/\" target=\"_blank\" rel=\"noreferrer noopener\">forum<\/a>. If you have any questions that haven&#8217;t been answered yet, you can ask them there. We will respond as quickly as possible.<\/p>\n\n\n\n<p class=\"has-small-font-size\" style=\"font-style:normal;font-weight:300\"><\/p>\n<\/details>\n\n\n\n<p><\/p>\n\n\n\n<div class=\"wp-block-group has-tertiary-color has-text-color has-link-color wp-elements-effeaedffe36b2d28be5a0681609e00f is-content-justification-center is-nowrap is-layout-flex wp-container-core-group-is-layout-18e21cb4 wp-block-group-is-layout-flex\" style=\"border-style:none;border-width:0px;padding-top:0;padding-right:0;padding-bottom:0;padding-left:0\">\n<div class=\"wp-block-columns is-layout-flex wp-container-core-columns-is-layout-28f84493 wp-block-columns-is-layout-flex\">\n<div class=\"wp-block-column is-vertically-aligned-stretch product-main-box is-layout-flow wp-block-column-is-layout-flow\" style=\"border-style:none;border-width:0px;border-radius:10px;padding-top:10px;padding-right:0px;padding-bottom:10px;padding-left:0px;flex-basis:100%\">\n<div class=\"wp-block-group main-image has-global-padding is-layout-constrained wp-container-core-group-is-layout-b1fefe26 wp-block-group-is-layout-constrained\">\n<div class=\"wp-block-group service-heading has-global-padding is-content-justification-center is-layout-constrained wp-block-group-is-layout-constrained\">\n\n\n<h2 class=\"wp-block-heading alignfull has-text-align-center has-white-color has-contrast-background-color has-text-color has-background has-poppins-font-family\" id=\"unserestgallen\" style=\"border-radius:40px;margin-top:var(--wp--preset--spacing--30);margin-bottom:var(--wp--preset--spacing--30);font-size:clamp(14.642px, 0.915rem + ((1vw - 3.2px) * 0.836), 22px);font-style:normal;font-weight:600\">Our preparation books for the HSG Selection Procedure (University of St. Gallen)<\/h2>\n<\/div>\n\n\n\n\n\n<div class=\"wp-block-columns alignfull has-global-padding is-layout-constrained wp-block-columns-is-layout-constrained\">\n<div class=\"wp-block-column is-vertically-aligned-stretch content-service is-layout-flow wp-container-core-column-is-layout-b6c7cc2f wp-block-column-is-layout-flow\" style=\"border-bottom-left-radius:10px;border-bottom-right-radius:10px;margin-top:0;margin-bottom:0;padding-top:10px;padding-right:26px;padding-bottom:10px;padding-left:26px;flex-basis:175px\">\n<figure class=\"wp-block-image size-full wp-elements-4471336c9bc58423ab4fef978ef890ec\" style=\"margin-top:10px;padding-top:0;padding-bottom:0;font-size:clamp(14px, 0.875rem + ((1vw - 3.2px) * 0.455), 18px);font-style:normal;font-weight:600\"><img decoding=\"async\" width=\"653\" height=\"843\" src=\"https:\/\/edu-link.de\/wp-content\/uploads\/2025\/04\/hsg1en.jpeg\" alt=\"\" class=\"wp-image-1672\" style=\"object-fit:cover\" srcset=\"https:\/\/edu-link.de\/wp-content\/uploads\/2025\/04\/hsg1en.jpeg 653w, https:\/\/edu-link.de\/wp-content\/uploads\/2025\/04\/hsg1en-232x300.jpeg 232w, https:\/\/edu-link.de\/wp-content\/uploads\/2025\/04\/hsg1en-9x12.jpeg 9w\" sizes=\"(max-width: 653px) 100vw, 653px\" \/><\/figure>\n\n\n\n<div class=\"wp-block-group has-contrast-color has-text-color has-poppins-font-family has-global-padding is-layout-constrained wp-block-group-is-layout-constrained\" style=\"margin-top:var(--wp--preset--spacing--20);margin-bottom:var(--wp--preset--spacing--20);font-size:10px;font-style:normal;font-weight:400\">\n<h3 class=\"wp-block-heading has-text-align-center has-contrast-color has-text-color has-link-color has-poppins-font-family has-small-font-size wp-elements-9058077bc7b665700269a6d43b30ef8b\" style=\"margin-top:10px;padding-top:0;padding-bottom:0;font-style:normal;font-weight:600;line-height:0.5\"><a href=\"https:\/\/amzn.to\/4cfNxlq\" data-type=\"link\" data-id=\"https:\/\/amzn.to\/4cfNxlq\" target=\"_blank\" rel=\"noreferrer noopener\">Mastering the HSG Selection Procedure (University of St. Gallen) Video Interview &amp; Practice Tests<\/a><\/h3>\n\n\n\n<p class=\"has-tertiary-color has-text-color has-poppins-font-family\" style=\"margin-top:0.44rem;margin-right:0;margin-bottom:0.44rem;margin-left:0;font-size:12px;font-style:normal;font-weight:400\">\u2714 Guidance on application process as a non-Swiss applicant<br>\u2714 Tips on how to ace video interviews<br>\u2714 Two practice tests with a total of 64 questions and detailed solutions to identify your focus areas.<\/p>\n<\/div>\n<\/div>\n\n\n\n<div class=\"wp-block-column is-vertically-aligned-stretch content-service is-layout-flow wp-container-core-column-is-layout-b6c7cc2f wp-block-column-is-layout-flow\" style=\"border-bottom-left-radius:10px;border-bottom-right-radius:10px;margin-top:0;margin-bottom:0;padding-top:10px;padding-right:26px;padding-bottom:10px;padding-left:26px;flex-basis:175px\">\n<figure class=\"wp-block-image size-full wp-elements-24c05f4c26ca7f94ee58547715a4f080\" style=\"margin-top:10px;padding-top:0;padding-bottom:0;font-size:clamp(14px, 0.875rem + ((1vw - 3.2px) * 0.455), 18px);font-style:normal;font-weight:600\"><img decoding=\"async\" width=\"656\" height=\"849\" src=\"https:\/\/edu-link.de\/wp-content\/uploads\/2025\/04\/hsg2en.jpeg\" alt=\"\" class=\"wp-image-1669\" style=\"object-fit:cover\" srcset=\"https:\/\/edu-link.de\/wp-content\/uploads\/2025\/04\/hsg2en.jpeg 656w, https:\/\/edu-link.de\/wp-content\/uploads\/2025\/04\/hsg2en-232x300.jpeg 232w, https:\/\/edu-link.de\/wp-content\/uploads\/2025\/04\/hsg2en-9x12.jpeg 9w\" sizes=\"(max-width: 656px) 100vw, 656px\" \/><\/figure>\n\n\n\n<div class=\"wp-block-group has-contrast-color has-text-color has-poppins-font-family has-global-padding is-layout-constrained wp-block-group-is-layout-constrained\" style=\"margin-top:var(--wp--preset--spacing--20);margin-bottom:var(--wp--preset--spacing--20);font-size:10px;font-style:normal;font-weight:400\">\n<h3 class=\"wp-block-heading has-text-align-center has-contrast-color has-text-color has-link-color has-poppins-font-family has-small-font-size wp-elements-29b9b4d6e77ba5e4c29e4df8d5254c99\" style=\"margin-top:10px;padding-top:0;padding-bottom:0;font-style:normal;font-weight:600;line-height:0.5\"><a data-type=\"link\" data-id=\"https:\/\/amzn.to\/3RzxJAq\" href=\"https:\/\/amzn.to\/3RzxJAq\" target=\"_blank\" rel=\"noreferrer noopener\">1. Preparation Book for the HSG Selection Procedure (University of St. Gallen): Quantitative Problems<\/a><\/h3>\n\n\n\n<p class=\"has-tertiary-color has-text-color has-poppins-font-family\" style=\"margin-top:0.44rem;margin-right:0;margin-bottom:0.44rem;margin-left:0;font-size:12px;font-style:normal;font-weight:400\">\u2714 Overview of the most common question types<br>\u2714 Explanation of the common question types in the section Quantitative Problems<br>\u2714 Explanation of the main mathematical concepts<br>\u2714 Five practice tests for this section with a total of 80 questions and detailed solutions<br><\/p>\n<\/div>\n<\/div>\n\n\n\n<div class=\"wp-block-column is-vertically-aligned-stretch content-service is-layout-flow wp-container-core-column-is-layout-b6c7cc2f wp-block-column-is-layout-flow\" style=\"border-bottom-left-radius:10px;border-bottom-right-radius:10px;margin-top:0;margin-bottom:0;padding-top:10px;padding-right:26px;padding-bottom:10px;padding-left:26px;flex-basis:175px\">\n<figure class=\"wp-block-image size-full wp-elements-2acce37b3f873dbf13ffcaa8529496a1\" style=\"margin-top:10px;padding-top:0;padding-bottom:0;font-size:clamp(14px, 0.875rem + ((1vw - 3.2px) * 0.455), 18px);font-style:normal;font-weight:600\"><img decoding=\"async\" width=\"675\" height=\"871\" src=\"https:\/\/edu-link.de\/wp-content\/uploads\/2025\/04\/hsg3en.jpeg\" alt=\"\" class=\"wp-image-1667\" style=\"object-fit:cover\" srcset=\"https:\/\/edu-link.de\/wp-content\/uploads\/2025\/04\/hsg3en.jpeg 675w, https:\/\/edu-link.de\/wp-content\/uploads\/2025\/04\/hsg3en-232x300.jpeg 232w, https:\/\/edu-link.de\/wp-content\/uploads\/2025\/04\/hsg3en-9x12.jpeg 9w\" sizes=\"(max-width: 675px) 100vw, 675px\" \/><\/figure>\n\n\n\n<div class=\"wp-block-group has-contrast-color has-text-color has-poppins-font-family has-global-padding is-layout-constrained wp-block-group-is-layout-constrained\" style=\"margin-top:var(--wp--preset--spacing--20);margin-bottom:var(--wp--preset--spacing--20);font-size:10px;font-style:normal;font-weight:400\">\n<h3 class=\"wp-block-heading has-text-align-center has-contrast-color has-text-color has-link-color has-poppins-font-family has-small-font-size wp-elements-47874093b4888ec95d52459a5e9d8f8a\" style=\"margin-top:10px;padding-top:0;padding-bottom:0;font-style:normal;font-weight:600;line-height:0.5\"><a href=\"https:\/\/amzn.to\/43IfNuS\" data-type=\"link\" data-id=\"https:\/\/amzn.to\/43IfNuS\" target=\"_blank\" rel=\"noreferrer noopener\">2. Preparation Book for the HSG Selection Procedure (University of St. Gallen): Graphs and Tables<\/a><\/h3>\n\n\n\n<p class=\"has-tertiary-color has-text-color has-poppins-font-family\" style=\"margin-top:0.44rem;margin-right:0;margin-bottom:0.44rem;margin-left:0;font-size:12px;font-style:normal;font-weight:400\">\u2714 Detailed explanations of the different types of diagrams<br>\u2714 Explanation of the various types of problems of the section \u201cGraphs and Tables\u201d with numerous example questions<br>\u2714 Three practice tests for this section with a total of 48 questions and detailed solutions<br><\/p>\n<\/div>\n<\/div>\n<\/div>\n<\/div>\n<\/div>\n<\/div>\n<\/div>\n\n\n\n<div style=\"height:100px\" aria-hidden=\"true\" class=\"wp-block-spacer\"><\/div>\n\n\n\n<div style=\"height:50px\" aria-hidden=\"true\" class=\"wp-block-spacer\"><\/div>","protected":false},"excerpt":{"rendered":"<p>FAQ Our preparation books for the HSG Selection Procedure (University of St. Gallen) Leitfaden f\u00fcr das HSG Auswahlverfahren (Universit\u00e4t St. Gallen): Video-Interview &amp; Simulation \u2714 Hinweise zum Bewerbungsverfahren als internationaler Bewerber\u2714 Tipps f\u00fcr das Videointerview\u2714 Zwei komplette \u00dcbungspr\u00fcfungen f\u00fcr das Auswahlverfahren der Universit\u00e4t St. Gallen\u2714 Ausf\u00fchrliche Antworten und L\u00f6sungswege 1. Vorbereitungsbuch f\u00fcr das HSG Auswahlverfahren [&hellip;]<\/p>\n","protected":false},"author":1,"featured_media":564,"parent":0,"menu_order":0,"comment_status":"open","ping_status":"closed","template":"","meta":{"_uag_custom_page_level_css":"","footnotes":""},"class_list":["post-362","page","type-page","status-publish","has-post-thumbnail","hentry"],"featured_image_url":{"thumbnail":"https:\/\/edu-link.de\/wp-content\/uploads\/2025\/03\/mountains-5237937-pixabay-250301-scaled-150x150.jpg","medium":"https:\/\/edu-link.de\/wp-content\/uploads\/2025\/03\/mountains-5237937-pixabay-250301-scaled-300x200.jpg","medium_large":"https:\/\/edu-link.de\/wp-content\/uploads\/2025\/03\/mountains-5237937-pixabay-250301-scaled-768x512.jpg","large":"https:\/\/edu-link.de\/wp-content\/uploads\/2025\/03\/mountains-5237937-pixabay-250301-scaled-1024x683.jpg","1536x1536":"https:\/\/edu-link.de\/wp-content\/uploads\/2025\/03\/mountains-5237937-pixabay-250301-scaled-1536x1024.jpg","2048x2048":"https:\/\/edu-link.de\/wp-content\/uploads\/2025\/03\/mountains-5237937-pixabay-250301-scaled-2048x1366.jpg","trp-custom-language-flag":"https:\/\/edu-link.de\/wp-content\/uploads\/2025\/03\/mountains-5237937-pixabay-250301-scaled-18x12.jpg"},"post_author":"Sofia Neumann","assigned_categories":"","uagb_featured_image_src":{"full":["https:\/\/edu-link.de\/wp-content\/uploads\/2025\/03\/mountains-5237937-pixabay-250301-scaled.jpg",2560,1707,false],"thumbnail":["https:\/\/edu-link.de\/wp-content\/uploads\/2025\/03\/mountains-5237937-pixabay-250301-scaled-150x150.jpg",150,150,true],"medium":["https:\/\/edu-link.de\/wp-content\/uploads\/2025\/03\/mountains-5237937-pixabay-250301-scaled-300x200.jpg",300,200,true],"medium_large":["https:\/\/edu-link.de\/wp-content\/uploads\/2025\/03\/mountains-5237937-pixabay-250301-scaled-768x512.jpg",768,512,true],"large":["https:\/\/edu-link.de\/wp-content\/uploads\/2025\/03\/mountains-5237937-pixabay-250301-scaled-1024x683.jpg",1024,683,true],"1536x1536":["https:\/\/edu-link.de\/wp-content\/uploads\/2025\/03\/mountains-5237937-pixabay-250301-scaled-1536x1024.jpg",1536,1024,true],"2048x2048":["https:\/\/edu-link.de\/wp-content\/uploads\/2025\/03\/mountains-5237937-pixabay-250301-scaled-2048x1366.jpg",2048,1366,true],"trp-custom-language-flag":["https:\/\/edu-link.de\/wp-content\/uploads\/2025\/03\/mountains-5237937-pixabay-250301-scaled-18x12.jpg",18,12,true]},"uagb_author_info":{"display_name":"Sofia Neumann","author_link":"https:\/\/edu-link.de\/en\/author\/admin\/"},"uagb_comment_info":0,"uagb_excerpt":"FAQ Our preparation books for the HSG Selection Procedure (University of St. Gallen) Leitfaden f\u00fcr das HSG Auswahlverfahren (Universit\u00e4t St. Gallen): Video-Interview &amp; Simulation \u2714 Hinweise zum Bewerbungsverfahren als internationaler Bewerber\u2714 Tipps f\u00fcr das Videointerview\u2714 Zwei komplette \u00dcbungspr\u00fcfungen f\u00fcr das Auswahlverfahren der Universit\u00e4t St. Gallen\u2714 Ausf\u00fchrliche Antworten und L\u00f6sungswege 1. Vorbereitungsbuch f\u00fcr das HSG Auswahlverfahren&hellip;","_links":{"self":[{"href":"https:\/\/edu-link.de\/en\/wp-json\/wp\/v2\/pages\/362","targetHints":{"allow":["GET"]}}],"collection":[{"href":"https:\/\/edu-link.de\/en\/wp-json\/wp\/v2\/pages"}],"about":[{"href":"https:\/\/edu-link.de\/en\/wp-json\/wp\/v2\/types\/page"}],"author":[{"embeddable":true,"href":"https:\/\/edu-link.de\/en\/wp-json\/wp\/v2\/users\/1"}],"replies":[{"embeddable":true,"href":"https:\/\/edu-link.de\/en\/wp-json\/wp\/v2\/comments?post=362"}],"version-history":[{"count":1,"href":"https:\/\/edu-link.de\/en\/wp-json\/wp\/v2\/pages\/362\/revisions"}],"predecessor-version":[{"id":6571,"href":"https:\/\/edu-link.de\/en\/wp-json\/wp\/v2\/pages\/362\/revisions\/6571"}],"wp:featuredmedia":[{"embeddable":true,"href":"https:\/\/edu-link.de\/en\/wp-json\/wp\/v2\/media\/564"}],"wp:attachment":[{"href":"https:\/\/edu-link.de\/en\/wp-json\/wp\/v2\/media?parent=362"}],"curies":[{"name":"wp","href":"https:\/\/api.w.org\/{rel}","templated":true}]}}