{"id":283,"date":"2025-02-18T18:14:14","date_gmt":"2025-02-18T18:14:14","guid":{"rendered":"https:\/\/edu-link.de\/?page_id=283"},"modified":"2026-03-19T13:18:37","modified_gmt":"2026-03-19T13:18:37","slug":"widerrufsbelehrung","status":"publish","type":"page","link":"https:\/\/edu-link.de\/en\/widerrufsbelehrung\/","title":{"rendered":"Rights and Revocation"},"content":{"rendered":"<h2 class=\"wp-block-heading\"><strong>Right of revocation &amp; revocation form<\/strong><\/h2>\n\n\n\n<p>Consumers, i.e. any individual acting for purposes which are wholly or mainly outside those individual\u2019s trade, business, craft or profession, are entitled to revoke any contract on the following conditions:<\/p>\n\n\n\n<p><\/p>\n\n\n\n<p><\/p>\n\n\n\n<hr class=\"wp-block-separator has-alpha-channel-opacity\"\/>\n\n\n\n<h3 class=\"wp-block-heading\"><strong>Rights and Revocation<\/strong><\/h3>\n\n\n\n<hr class=\"wp-block-separator has-alpha-channel-opacity\"\/>\n\n\n\n<p style=\"text-decoration:underline\"><strong>Right of revocation<\/strong><\/p>\n\n\n\n<p>You have the right to revoke this contract within fourteen days without giving any reason.<\/p>\n\n\n\n<p>The revocation period will expire after 14 days from the day on which the contract was closed.<\/p>\n\n\n\n<p>To exercise the right to revoke, you must inform us (Schwalbenstr. 2, 81541 Munich, Germany, Tel.: +49 89 99756141, Fax: +49 89 854 66320, Email: info@edu-link.de) of your decision to revoke this contract by a clear statement (e.g. by mail, fax or email).<\/p>\n\n\n\n<p>You may use the attached sample revocation form, but it is not obligatory.<\/p>\n\n\n\n<p>To meet the revocation deadline, it is sufficient for you to send your communication concerning the exercise of your right of revocation before the revocation period has expired.<\/p>\n\n\n\n<p style=\"text-decoration:underline\"><strong>Consequences of revocation<\/strong><\/p>\n\n\n\n<p>If you revoke this contract, we will reimburse to you all payments received from you, including the costs of delivery (except for the supplementary costs arising if you choose a type of delivery other than the least expensive type of standard delivery offered by us) without undue delay and not later than fourteen days after the day on which we are informed about your decision to revoke this contract. We will make the reimbursement using the same means of payment as you used for the initial transaction, unless you have expressly agreed otherwise. In any event, you will not be charged any fees as a result of the reimbursement.<\/p>\n\n\n\n<p style=\"text-decoration:underline\"><br><strong>Expiration of the right of revocation<\/strong><\/p>\n\n\n\n<p style=\"padding-top:0;padding-bottom:0\">The right of revocation expires prematurely if we have begun with the execution of the contract after you have expressly agreed that we start with the execution of the contract before the revocation period has expired and you have confirmed your understanding that with your consent you will lose your right of revocation once the execution of the agreement has begun.<\/p>\n\n\n\n<p><\/p>\n\n\n\n<p><\/p>\n\n\n\n<hr class=\"wp-block-separator has-alpha-channel-opacity\"\/>\n\n\n\n<h3 class=\"wp-block-heading\" style=\"margin-top:0;margin-bottom:0;padding-top:0;padding-bottom:0\"><strong>Revocation form<\/strong><\/h3>\n\n\n\n<hr class=\"wp-block-separator has-alpha-channel-opacity\"\/>\n\n\n\n<p>If you wish to cancel this contract, please complete and submit this form to us.<\/p>\n\n\n\n<p>To<\/p>\n\n\n\n<p>edulink GmbH<\/p>\n\n\n\n<p>Schwalbenstr. 2<\/p>\n\n\n\n<p>81541 Munich<\/p>\n\n\n\n<p>Germany<\/p>\n\n\n\n<p>Fax: +49 89 854 66320<\/p>\n\n\n\n<p>E-Mail: info@edu-link.de<\/p>\n\n\n\n<p>I\/We (*) hereby give notice that I\/We (*) revoke my\/our (*) contract of sale of the following goods (*)\/of the following service (*)<\/p>\n\n\n\n<p>_______________________________________________________<\/p>\n\n\n\n<p>_______________________________________________________<\/p>\n\n\n\n<p>Ordered on (*) ____________ \/ received on (*) __________________<\/p>\n\n\n\n<p>________________________________________________________<\/p>\n\n\n\n<p>Name of consumer(s)<\/p>\n\n\n\n<p>________________________________________________________<\/p>\n\n\n\n<p>Address of consumer(s)<\/p>\n\n\n\n<p>________________________________________________________<\/p>\n\n\n\n<p>Signature of consumer(s) (only if this form is submitted on paper)<\/p>\n\n\n\n<p>_________________________<\/p>\n\n\n\n<p>Date<\/p>\n\n\n\n<p>(*) Delete as appropriate<\/p>\n\n\n\n<p>&#8212;&#8212;&#8212;&#8212;&#8212;&#8212;&#8212;&#8212;&#8212;&#8212;&#8212;&#8212;&#8211;<\/p>\n\n\n\n<p><\/p>","protected":false},"excerpt":{"rendered":"<p>Widerrufsbelehrung &amp; Widerrufsformular Verbrauchern steht ein Widerrufsrecht nach folgender Ma\u00dfgabe zu, wobei Verbraucher jede nat\u00fcrliche Person ist, die ein Rechtsgesch\u00e4ft zu Zwecken abschlie\u00dft, die \u00fcberwiegend weder ihrer gewerblichen noch ihrer selbst\u00e4ndigen beruflichen T\u00e4tigkeit zugerechnet werden k\u00f6nnen: Widerrufsbelehrung Widerrufsrecht Sie haben das Recht, binnen vierzehn Tagen ohne Angabe von Gr\u00fcnden diesen Vertrag zu widerrufen. Die Widerrufsfrist [&hellip;]<\/p>\n","protected":false},"author":1,"featured_media":0,"parent":0,"menu_order":0,"comment_status":"closed","ping_status":"closed","template":"","meta":{"_uag_custom_page_level_css":"","footnotes":""},"class_list":["post-283","page","type-page","status-publish","hentry"],"featured_image_url":[],"post_author":"Sofia Neumann","assigned_categories":"","uagb_featured_image_src":{"full":false,"thumbnail":false,"medium":false,"medium_large":false,"large":false,"1536x1536":false,"2048x2048":false,"trp-custom-language-flag":false},"uagb_author_info":{"display_name":"Sofia Neumann","author_link":"https:\/\/edu-link.de\/en\/author\/admin\/"},"uagb_comment_info":0,"uagb_excerpt":"Widerrufsbelehrung &amp; Widerrufsformular Verbrauchern steht ein Widerrufsrecht nach folgender Ma\u00dfgabe zu, wobei Verbraucher jede nat\u00fcrliche Person ist, die ein Rechtsgesch\u00e4ft zu Zwecken abschlie\u00dft, die \u00fcberwiegend weder ihrer gewerblichen noch ihrer selbst\u00e4ndigen beruflichen T\u00e4tigkeit zugerechnet werden k\u00f6nnen: Widerrufsbelehrung Widerrufsrecht Sie haben das Recht, binnen vierzehn Tagen ohne Angabe von Gr\u00fcnden diesen Vertrag zu widerrufen. Die Widerrufsfrist&hellip;","_links":{"self":[{"href":"https:\/\/edu-link.de\/en\/wp-json\/wp\/v2\/pages\/283","targetHints":{"allow":["GET"]}}],"collection":[{"href":"https:\/\/edu-link.de\/en\/wp-json\/wp\/v2\/pages"}],"about":[{"href":"https:\/\/edu-link.de\/en\/wp-json\/wp\/v2\/types\/page"}],"author":[{"embeddable":true,"href":"https:\/\/edu-link.de\/en\/wp-json\/wp\/v2\/users\/1"}],"replies":[{"embeddable":true,"href":"https:\/\/edu-link.de\/en\/wp-json\/wp\/v2\/comments?post=283"}],"version-history":[{"count":1,"href":"https:\/\/edu-link.de\/en\/wp-json\/wp\/v2\/pages\/283\/revisions"}],"predecessor-version":[{"id":6576,"href":"https:\/\/edu-link.de\/en\/wp-json\/wp\/v2\/pages\/283\/revisions\/6576"}],"wp:attachment":[{"href":"https:\/\/edu-link.de\/en\/wp-json\/wp\/v2\/media?parent=283"}],"curies":[{"name":"wp","href":"https:\/\/api.w.org\/{rel}","templated":true}]}}