{"id":4051,"date":"2025-07-03T19:21:31","date_gmt":"2025-07-03T19:21:31","guid":{"rendered":"https:\/\/edu-link.de\/?page_id=4051"},"modified":"2026-02-05T08:05:35","modified_gmt":"2026-02-05T08:05:35","slug":"free-testas-preparation-guide","status":"publish","type":"page","link":"https:\/\/edu-link.de\/de\/free-testas-preparation-guide\/","title":{"rendered":"Download free TestAS prep \u2013 Start your journey to top German universities today"},"content":{"rendered":"\n<div class=\"wp-block-cover alignfull is-light\" style=\"margin-top:0;padding-top:5vw;padding-right:5vw;padding-bottom:5vw;padding-left:5vw\"><span aria-hidden=\"true\" class=\"wp-block-cover__background has-contrast-background-color has-background-dim-20 has-background-dim\"><\/span><div class=\"wp-block-cover__inner-container is-layout-flow wp-block-cover-is-layout-flow\">\n\n\n<h1 class=\"wp-block-heading has-text-align-center\" style=\"padding-bottom:var(--wp--preset--spacing--30);font-size:clamp(23.043px, 1.44rem + ((1vw - 3.2px) * 1.7), 38px);\">Unsere kostenlosen TestAS-Vorbereitungsmaterialien<\/h1>\n\n\n\n<div class=\"wp-block-columns alignfull is-layout-flex wp-container-core-columns-is-layout-28f84493 wp-block-columns-is-layout-flex\">\n<div class=\"wp-block-column is-layout-flow wp-block-column-is-layout-flow\" style=\"flex-basis:50%\">\n<div class=\"wp-block-cover is-light\" style=\"min-height:400px;aspect-ratio:unset;\"><span aria-hidden=\"true\" class=\"wp-block-cover__background has-background-dim-100 has-background-dim\" style=\"background-color:#f6f6f6\"><\/span><div class=\"wp-block-cover__inner-container is-layout-flow wp-block-cover-is-layout-flow\">\n<figure class=\"wp-block-image aligncenter size-medium\"><img decoding=\"async\" width=\"300\" height=\"300\" src=\"https:\/\/edu-link.de\/wp-content\/uploads\/2025\/07\/strategy-300x300.jpg\" alt=\"free strategy guide for TestAS preparation\" class=\"wp-image-4228\" srcset=\"https:\/\/edu-link.de\/wp-content\/uploads\/2025\/07\/strategy-300x300.jpg 300w, https:\/\/edu-link.de\/wp-content\/uploads\/2025\/07\/strategy-1024x1024.jpg 1024w, https:\/\/edu-link.de\/wp-content\/uploads\/2025\/07\/strategy-150x150.jpg 150w, https:\/\/edu-link.de\/wp-content\/uploads\/2025\/07\/strategy-768x768.jpg 768w, https:\/\/edu-link.de\/wp-content\/uploads\/2025\/07\/strategy-1536x1536.jpg 1536w, https:\/\/edu-link.de\/wp-content\/uploads\/2025\/07\/strategy-12x12.jpg 12w, https:\/\/edu-link.de\/wp-content\/uploads\/2025\/07\/strategy.jpg 2048w\" sizes=\"(max-width: 300px) 100vw, 300px\" \/><\/figure>\n<\/div><\/div>\n<\/div>\n\n\n\n<div class=\"wp-block-column is-vertically-aligned-center is-layout-flow wp-block-column-is-layout-flow\" style=\"padding-top:1em;padding-right:1em;padding-bottom:1em;padding-left:1em\">\n<div class=\"wp-block-columns is-layout-flex wp-container-core-columns-is-layout-28f84493 wp-block-columns-is-layout-flex\">\n<div class=\"wp-block-column is-layout-flow wp-block-column-is-layout-flow\" style=\"flex-basis:320px\">\n\n\n<p style=\"font-size:clamp(15.747px, 0.984rem + ((1vw - 3.2px) * 0.938), 24px);line-height:1.6\"><strong><strong>Starte jetzt deine TestAS-Vorbereitung \u2013 <strong>kostenlos<\/strong>.<\/strong><\/strong><\/p>\n\n\n\n\n\n<p style=\"font-size:14px;line-height:1.6\">Erhalte sofortigen Zugriff auf unsere <strong>kostenlosen, pr\u00fcfungsorientierten Strategie-Guides<\/strong>, entwickelt speziell f\u00fcr internationale Studierende, die sich auf den TestAS vorbereiten.<br>Unsere Guides enthalten <strong>\u00dcbungsaufgaben, bew\u00e4hrte Strategien und Expertenwissen<\/strong>.<\/p>\n<\/div>\n<\/div>\n<\/div>\n<\/div>\n\n\n\n<div style=\"height:50px\" aria-hidden=\"true\" class=\"wp-block-spacer\"><\/div>\n\n\n\n\n\n<div class=\"wp-block-uagb-call-to-action uagb-block-2e7574d0 wp-block-button\"><div class=\"uagb-cta__wrap\"><h2 class=\"uagb-cta__title\"><strong><strong>Beziehungen erschlie\u00dfen \u2013 kostenloser Strategie-Guide<\/strong><\/strong><\/h2><p class=\"uagb-cta__desc\"><br>\u2705 Eine sorgf\u00e4ltig zusammengestellte Auswahl von <strong>Wortanalogien<\/strong> aus dem Abschnitt \u201eBeziehungen erschlie\u00dfen\u201c<br><br>\ud83d\udd0d Eine <strong>Aufschl\u00fcsselung der 12 wichtigsten Beziehungstypen<\/strong> \u2013 mit klaren Beispielen<br><br>\u23f1\ufe0f <strong>Strategien<\/strong>, um 22 Fragen in nur 10 Minuten zu bearbeiten<br><br>\ud83e\udde0 <strong>Tipps<\/strong> zu Zeitmanagement, Bewertung und Pr\u00fcfungsmindset<br><br>\u270d\ufe0f Alles <strong>im Original-TestAS-Format<\/strong> gestaltet<br>    <\/p><\/div><div class=\"uagb-cta__buttons\"><a href=\"https:\/\/edu-link.de\/wp-content\/uploads\/2025\/07\/Video-4-WATERMARK.pdf\" class=\"uagb-cta__button-link-wrapper wp-block-button__link\" target=\"_blank\" rel=\"noopener noreferrer\">Herunterladen<br> (nur auf Englisch)<\/a><\/div><\/div>\n\n\n\n<div style=\"height:50px\" aria-hidden=\"true\" class=\"wp-block-spacer\"><\/div>\n\n\n\n\n\n<h2 class=\"wp-block-heading has-black-color has-text-color has-link-color wp-elements-4c400fc9e827715badbc6b2e3ab5ae3f\" style=\"font-size:clamp(15.747px, 0.984rem + ((1vw - 3.2px) * 0.938), 24px);\"><strong><strong>Warum Studierende sich f\u00fcr edulink entscheiden<\/strong><\/strong><\/h2>\n\n\n\n<div class=\"wp-block-media-text is-stacked-on-mobile is-image-fill-element\" style=\"grid-template-columns:54% auto\"><figure class=\"wp-block-media-text__media\"><img decoding=\"async\" width=\"1024\" height=\"535\" src=\"https:\/\/edu-link.de\/wp-content\/uploads\/2025\/05\/pexels-photo-3762800-3762800-1024x535.jpg\" alt=\"free TestAS prep\" class=\"wp-image-2099 size-full\" style=\"object-position:50% 50%\" srcset=\"https:\/\/edu-link.de\/wp-content\/uploads\/2025\/05\/pexels-photo-3762800-3762800-1024x535.jpg 1024w, https:\/\/edu-link.de\/wp-content\/uploads\/2025\/05\/pexels-photo-3762800-3762800-300x157.jpg 300w, https:\/\/edu-link.de\/wp-content\/uploads\/2025\/05\/pexels-photo-3762800-3762800-768x401.jpg 768w, https:\/\/edu-link.de\/wp-content\/uploads\/2025\/05\/pexels-photo-3762800-3762800-18x9.jpg 18w, https:\/\/edu-link.de\/wp-content\/uploads\/2025\/05\/pexels-photo-3762800-3762800.jpg 1200w\" sizes=\"(max-width: 1024px) 100vw, 1024px\" \/><\/figure><div class=\"wp-block-media-text__content\">\n\n\n<p style=\"font-size:14px\">Bei edulink sind wir <strong>mehr als nur ein Vorbereitungskurs<\/strong>.<br>Wir sind eine <strong>Gemeinschaft von Studierenden, Lehrkr\u00e4ften und Mentor:innen<\/strong>, die sich gegenseitig auf dem Weg zum Studium in Europa unterst\u00fctzen. <\/p>\n\n\n\n<p style=\"font-size:14px\">Unsere Mission ist einfach:<br><strong>Studierenden helfen, bessere Ergebnisse zu erzielen, sich gezielter zu bewerben und Studienpl\u00e4tze an Spitzenuniversit\u00e4ten zu sichern.<\/strong><\/p>\n\n\n\n\n\n\n\n<h3 class=\"wp-block-heading\" style=\"font-size:clamp(14px, 0.875rem + ((1vw - 3.2px) * 0.455), 18px);\"><strong>Was uns auszeichnet<\/strong>:<\/h3>\n\n\n\n<ul class=\"wp-block-list\">\n<li style=\"font-size:14px\">Echte Materialien, entwickelt von erfahrenen Lehrkr\u00e4ften<\/li>\n\n\n\n<li><strong>Strategieorientierter Ansatz<\/strong> \u2013 nicht nur \u00dcbung, sondern <strong>richtiges Denken unter Druck<\/strong><\/li>\n\n\n\n<li><strong>Unterst\u00fctzung f\u00fcr Nicht-Muttersprachler:innen<\/strong><\/li>\n\n\n\n<li>Getragen von einer wachsenden internationalen Studierenden-Community<\/li>\n<\/ul>\n<\/div><\/div>\n\n\n\n<div style=\"height:50px\" aria-hidden=\"true\" class=\"wp-block-spacer\"><\/div>\n\n\n\n\n\n<h2 class=\"wp-block-heading has-text-align-center has-black-color has-text-color has-link-color wp-elements-b39a0b0a1ddf1bd9d1c224f9500ab1b6\" style=\"padding-top:var(--wp--preset--spacing--30);padding-bottom:var(--wp--preset--spacing--30);font-size:clamp(15.747px, 0.984rem + ((1vw - 3.2px) * 0.938), 24px);\"><strong>Planst du deinen Studienweg?<\/strong><\/h2>\n\n\n\n\n\n<div class=\"wp-block-group has-base-color has-contrast-background-color has-text-color has-background has-link-color wp-elements-82cabc8534fdd263ec96e7a173b1675e is-layout-grid wp-container-core-group-is-layout-659f62c5 wp-block-group-is-layout-grid\" style=\"border-radius:40px;margin-top:0px;margin-bottom:0px;padding-top:0;padding-right:10px;padding-bottom:0;padding-left:10px\">\n<h3 class=\"wp-block-heading has-text-align-center has-black-color has-text-color has-link-color has-medium-font-size wp-elements-a13fc3addffd7cf850e50bc81530d4e9 wp-container-content-b4c5012d\" style=\"padding-top:10px\"><strong><strong>TestAS-Vorbereitungsb\u00fccher<\/strong><\/strong><\/h3>\n\n\n\n<h3 class=\"wp-block-heading has-text-align-center has-black-color has-text-color has-link-color has-medium-font-size wp-elements-4c42478a55ed39bd0b3fd3a4e47048ef\" style=\"padding-top:10px\"><strong>Knowledge Hub<\/strong><\/h3>\n\n\n\n<p class=\"has-text-align-center has-black-color has-text-color has-link-color wp-elements-44b7849717bcf2f2db4c2aa248afa928 wp-container-content-b4c5012d\" style=\"padding-top:10px;padding-right:var(--wp--preset--spacing--30);padding-bottom:10px;padding-left:var(--wp--preset--spacing--30);font-size:14px\">Vertiefe dein Training mit unseren <strong>umfassenden Vorbereitungshandb\u00fcchern<\/strong> mit \u00fcber <strong>100 \u00dcbungsaufgaben<\/strong>, <strong>vollst\u00e4ndigen Probeklausuren<\/strong> und <strong>ausf\u00fchrlichen Erkl\u00e4rungen<\/strong>.<\/p>\n\n\n\n<p class=\"has-text-align-center has-black-color has-text-color has-link-color wp-elements-f2b820a8655a105c347fffc58a2495ea wp-container-content-b4c5012d\" style=\"padding-top:10px;padding-right:var(--wp--preset--spacing--30);padding-bottom:10px;padding-left:var(--wp--preset--spacing--30);font-size:14px\">Von <strong>Visa-Unterst\u00fctzung<\/strong> \u00fcber <strong>Stipendien-Tipps<\/strong> bis hin zu <strong>Uni-Rankings<\/strong> \u2013<br>unser Blog begleitet dich durch <strong>jede Phase deines Studiums in Europa<\/strong>.<\/p>\n\n\n\n<div class=\"wp-block-buttons wp-container-content-b4c5012d is-content-justification-center is-layout-flex wp-container-core-buttons-is-layout-a89b3969 wp-block-buttons-is-layout-flex\">\n<div class=\"wp-block-button\"><a class=\"wp-block-button__link has-contrast-color has-base-background-color has-text-color has-background has-link-color wp-element-button\" href=\"https:\/\/www.amazon.de\/stores\/edulink-GmbH\/author\/B085TGY5CZ?language=en&amp;ref=ap_rdr&amp;isDramIntegrated=true&amp;shoppingPortalEnabled=true\" target=\"_blank\" rel=\"noopener\"> Auf Amazon ansehen<\/a><\/div>\n<\/div>\n\n\n\n<div class=\"wp-block-buttons is-content-justification-center is-layout-flex wp-container-core-buttons-is-layout-72b85501 wp-block-buttons-is-layout-flex\" style=\"padding-top:0;padding-bottom:10px\">\n<div class=\"wp-block-button\"><a class=\"wp-block-button__link has-contrast-color has-base-background-color has-text-color has-background has-link-color has-small-font-size has-custom-font-size wp-element-button\" href=\"https:\/\/edu-link.de\/knowledge-hub\/\" style=\"padding-right:var(--wp--preset--spacing--30);padding-left:var(--wp--preset--spacing--30)\">Besuche unseren Blog<\/a><\/div>\n<\/div>\n<\/div>\n\n\n\n<p><\/p>\n\n\n\n<p><\/p>\n<\/div><\/div>\n","protected":false},"excerpt":{"rendered":"","protected":false},"author":2,"featured_media":2099,"parent":0,"menu_order":0,"comment_status":"closed","ping_status":"closed","template":"","meta":{"_uag_custom_page_level_css":"","footnotes":""},"class_list":["post-4051","page","type-page","status-publish","has-post-thumbnail","hentry"],"featured_image_url":{"thumbnail":"https:\/\/edu-link.de\/wp-content\/uploads\/2025\/05\/pexels-photo-3762800-3762800-150x150.jpg","medium":"https:\/\/edu-link.de\/wp-content\/uploads\/2025\/05\/pexels-photo-3762800-3762800-300x157.jpg","medium_large":"https:\/\/edu-link.de\/wp-content\/uploads\/2025\/05\/pexels-photo-3762800-3762800-768x401.jpg","large":"https:\/\/edu-link.de\/wp-content\/uploads\/2025\/05\/pexels-photo-3762800-3762800-1024x535.jpg","1536x1536":"https:\/\/edu-link.de\/wp-content\/uploads\/2025\/05\/pexels-photo-3762800-3762800.jpg","2048x2048":"https:\/\/edu-link.de\/wp-content\/uploads\/2025\/05\/pexels-photo-3762800-3762800.jpg","trp-custom-language-flag":"https:\/\/edu-link.de\/wp-content\/uploads\/2025\/05\/pexels-photo-3762800-3762800-18x9.jpg"},"post_author":"Michelle Hoffman","assigned_categories":"","uagb_featured_image_src":{"full":["https:\/\/edu-link.de\/wp-content\/uploads\/2025\/05\/pexels-photo-3762800-3762800.jpg",1200,627,false],"thumbnail":["https:\/\/edu-link.de\/wp-content\/uploads\/2025\/05\/pexels-photo-3762800-3762800-150x150.jpg",150,150,true],"medium":["https:\/\/edu-link.de\/wp-content\/uploads\/2025\/05\/pexels-photo-3762800-3762800-300x157.jpg",300,157,true],"medium_large":["https:\/\/edu-link.de\/wp-content\/uploads\/2025\/05\/pexels-photo-3762800-3762800-768x401.jpg",768,401,true],"large":["https:\/\/edu-link.de\/wp-content\/uploads\/2025\/05\/pexels-photo-3762800-3762800-1024x535.jpg",1024,535,true],"1536x1536":["https:\/\/edu-link.de\/wp-content\/uploads\/2025\/05\/pexels-photo-3762800-3762800.jpg",1200,627,false],"2048x2048":["https:\/\/edu-link.de\/wp-content\/uploads\/2025\/05\/pexels-photo-3762800-3762800.jpg",1200,627,false],"trp-custom-language-flag":["https:\/\/edu-link.de\/wp-content\/uploads\/2025\/05\/pexels-photo-3762800-3762800-18x9.jpg",18,9,true]},"uagb_author_info":{"display_name":"Michelle Hoffman","author_link":"https:\/\/edu-link.de\/de\/author\/sadiaafreen\/"},"uagb_comment_info":0,"uagb_excerpt":null,"_links":{"self":[{"href":"https:\/\/edu-link.de\/de\/wp-json\/wp\/v2\/pages\/4051","targetHints":{"allow":["GET"]}}],"collection":[{"href":"https:\/\/edu-link.de\/de\/wp-json\/wp\/v2\/pages"}],"about":[{"href":"https:\/\/edu-link.de\/de\/wp-json\/wp\/v2\/types\/page"}],"author":[{"embeddable":true,"href":"https:\/\/edu-link.de\/de\/wp-json\/wp\/v2\/users\/2"}],"replies":[{"embeddable":true,"href":"https:\/\/edu-link.de\/de\/wp-json\/wp\/v2\/comments?post=4051"}],"version-history":[{"count":0,"href":"https:\/\/edu-link.de\/de\/wp-json\/wp\/v2\/pages\/4051\/revisions"}],"wp:featuredmedia":[{"embeddable":true,"href":"https:\/\/edu-link.de\/de\/wp-json\/wp\/v2\/media\/2099"}],"wp:attachment":[{"href":"https:\/\/edu-link.de\/de\/wp-json\/wp\/v2\/media?parent=4051"}],"curies":[{"name":"wp","href":"https:\/\/api.w.org\/{rel}","templated":true}]}}