{"id":362,"date":"2025-02-24T07:56:39","date_gmt":"2025-02-24T07:56:39","guid":{"rendered":"https:\/\/edu-link.de\/?page_id=362"},"modified":"2026-03-19T13:17:46","modified_gmt":"2026-03-19T13:17:46","slug":"hsg-zulassungshilfe","status":"publish","type":"page","link":"https:\/\/edu-link.de\/de\/hsg-zulassungshilfe\/","title":{"rendered":"St. Gallen"},"content":{"rendered":"\n<div class=\"wp-block-cover aligncenter has-parallax has-white-color has-text-color has-link-color wp-elements-c3bd6077d852aca7905520367b4310ad\" style=\"border-radius:40px;min-height:70vh;aspect-ratio:unset;\"><div role=\"img\" aria-label=\"studieren in der schweiz, Universit\u00e4t St. Gallen,\" class=\"wp-block-cover__image-background wp-image-564 has-parallax\" style=\"background-position:50% 50%;background-image:url(https:\/\/edu-link.de\/wp-content\/uploads\/2025\/03\/mountains-5237937-pixabay-250301-1024x683.jpg)\"><\/div><span aria-hidden=\"true\" class=\"wp-block-cover__background has-contrast-background-color has-background-dim\"><\/span><div class=\"wp-block-cover__inner-container has-global-padding is-layout-constrained wp-container-core-cover-is-layout-f6f8c0cc wp-block-cover-is-layout-constrained\">\n<h1 class=\"wp-block-heading has-text-align-center has-white-color has-text-color has-link-color wp-elements-e183a9d8850c0c11c819eb2c880923f1\" style=\"font-size:clamp(16.834px, 1.052rem + ((1vw - 3.2px) * 1.042), 26px);\"><strong><strong><strong><strong>\u00dcber das Auswahlverfahren der HSG<\/strong><\/strong><\/strong><\/strong><\/h1>\n\n\n\n<h2 class=\"wp-block-heading has-text-align-center has-white-color has-text-color\" style=\"font-size:clamp(14px, 0.875rem + ((1vw - 3.2px) * 0.682), 20px);\"><strong><strong><strong> (Universit\u00e4t St. Gallen)<\/strong><\/strong><\/strong><\/h2>\n\n\n\n<div style=\"height:25px\" aria-hidden=\"true\" class=\"wp-block-spacer\"><\/div>\n\n\n\n<p class=\"has-text-align-center has-white-color has-text-color has-link-color has-small-font-size wp-elements-19308ee974b2688f78485eba327c541f\">Die Universit\u00e4t St. Gallen verlangt von internationalen Bewerbenden f\u00fcr ihre Bachelor-Studieng\u00e4nge die Teilnahme an einem Auswahlverfahren. Dessen wichtigster Bestandteil ist ein Online-Eignungstest. Abh\u00e4ngig von deinem Ergebnis kann zus\u00e4tzlich ein aufgezeichnetes Video-Interview erforderlich sein, in dem Fragen zu Motivation und Interessen gestellt werden.<\/p>\n\n\n\n<p class=\"has-text-align-center has-white-color has-text-color has-link-color has-small-font-size wp-elements-3455a78cce015b73beb590104e46bc84\">Unsere umfassenden Vorbereitungsmaterialien begleiten dich Schritt f\u00fcr Schritt durch das gesamte Auswahlverfahren der HSG \u2013 der ideale Begleiter auf deinem Bildungsweg.<\/p>\n<\/div><\/div>\n\n\n\n\n\n<div style=\"height:100px\" aria-hidden=\"true\" class=\"wp-block-spacer\"><\/div>\n\n\n\n<h2 class=\"wp-block-heading alignfull has-text-align-center has-white-color has-contrast-background-color has-text-color has-background has-poppins-font-family\" id=\"stgallenfaq\" style=\"border-radius:40px;margin-top:var(--wp--preset--spacing--30);margin-bottom:var(--wp--preset--spacing--30);font-size:clamp(14.642px, 0.915rem + ((1vw - 3.2px) * 0.836), 22px);font-style:normal;font-weight:600\">FAQ<\/h2>\n\n\n\n<details class=\"wp-block-details has-tertiary-color has-text-color has-poppins-font-family has-small-font-size is-layout-flow wp-block-details-is-layout-flow\" style=\"font-style:normal;font-weight:400;line-height:1.5\"><summary><strong>Wer muss den Eignungstest ablegen?<\/strong><\/summary>\n<p style=\"font-size:14px;font-style:normal;font-weight:400\">Bewerbende ohne Schweizer oder Liechtensteiner Staatsangeh\u00f6rigkeit oder Niederlassungsbewilligung C, Bewerbende ohne anerkanntes schweizerisches oder liechtensteinisches Maturit\u00e4tszeugnis oder ohne Hochschulabschluss, die sich f\u00fcr einen Bachelorabschluss bewerben. Die Bewerbungsvoraussetzungen variieren je nach Land. Daher ist es am besten, dein Land auszuw\u00e4hlen und die spezifischen Anforderungen zu recherchieren, die f\u00fcr dich gelten: <a href=\"https:\/\/www.unisg.ch\/en\/studying\/admission\/online-application\/\" target=\"_blank\" rel=\"noreferrer noopener\"><\/a><a href=\"https:\/\/www.unisg.ch\/de\/studium\/zulassung\/online-anmeldung\/\" target=\"_blank\" rel=\"noreferrer noopener\">Online-Anmeldung zum Studium an der Universit\u00e4t St.Gallen (HSG) | unisg<\/a><\/p>\n<\/details>\n\n\n\n<details class=\"wp-block-details has-tertiary-color has-text-color has-poppins-font-family has-small-font-size is-layout-flow wp-block-details-is-layout-flow\" style=\"font-style:normal;font-weight:400;line-height:1.5\"><summary><strong><strong>Wie kann ich mich f\u00fcr das Auswahlverfahren anmelden?<\/strong><\/strong><\/summary>\n<p style=\"font-size:14px;font-style:normal;font-weight:400\">Bewerbungen f\u00fcr das Auswahlverfahren k\u00f6nnen <a href=\"https:\/\/www.unisg.ch\/de\/studium\/zulassung\/online-anmeldung\/\" target=\"_blank\" rel=\"noreferrer noopener\">online<\/a> eingereicht werden.<\/p>\n<\/details>\n\n\n\n<details class=\"wp-block-details has-tertiary-color has-text-color has-poppins-font-family has-small-font-size is-layout-flow wp-block-details-is-layout-flow\" style=\"font-style:normal;font-weight:400;line-height:1.5\"><summary><strong><strong>Wann findet das Auswahlverfahren statt?<\/strong><\/strong><\/summary>\n<p style=\"font-size:14px;font-style:normal;font-weight:400\">Das Auswahlverfahren findet zwei Mal pro Jahr, im Februar und im Juni, statt. Bitte schaue die genauen Daten und Fristen auf der offiziellen Webseite nach.<\/p>\n<\/details>\n\n\n\n<details class=\"wp-block-details has-tertiary-color has-text-color has-poppins-font-family has-small-font-size is-layout-flow wp-block-details-is-layout-flow\" style=\"font-style:normal;font-weight:400;line-height:1.5\"><summary><strong>Wo findet das Auswahlverfahren statt?<\/strong><\/summary>\n<p style=\"font-size:14px;font-style:normal;font-weight:400\">Das Auswahlverfahren findet online von zu Hause aus statt.<\/p>\n<\/details>\n\n\n\n<details class=\"wp-block-details has-tertiary-color has-text-color has-poppins-font-family has-small-font-size is-layout-flow wp-block-details-is-layout-flow\" style=\"font-style:normal;font-weight:400;line-height:1.5\"><summary><strong>Was erwartet mich w\u00e4hrend des Auswahlverfahrens?<\/strong><\/summary>\n<p style=\"font-size:14px;font-style:normal;font-weight:400\">Das Auswahlverfahren besteht aus zwei Teilen. Der erste Teil ist ein Online-Eignungstest, der im Februar oder Juni durchgef\u00fchrt wird. Je nach Testergebnis wirst du entweder direkt an der Universit\u00e4t zugelassen oder musst im Anschluss ein zus\u00e4tzliches Videointerview einreichen. Das Videointerview findet in derselben Woche statt, in der du deine Testergebnisse erh\u00e4ltst.<\/p>\n<\/details>\n\n\n\n<details class=\"wp-block-details has-tertiary-color has-text-color has-poppins-font-family has-small-font-size is-layout-flow wp-block-details-is-layout-flow\" style=\"font-style:normal;font-weight:400;line-height:1.5\"><summary><strong>Was sollte ich lernen, um mich vorzubereiten?<\/strong><\/summary>\n<p style=\"font-size:14px;font-style:normal;font-weight:400\">Eine der besten M\u00f6glichkeiten, sich auf das Aufnahmeverfahren der Universit\u00e4t St. Gallen vorzubereiten, sind unsere <a href=\"#unserestgallen\">Vorbereitungsb\u00fccher<\/a>. Unsere B\u00fccher bieten strukturierte Lernmaterialien, \u00dcbungsfragen und Expertenstrategien, die dir zum Erfolg verhelfen. Sie enthalten klare Erkl\u00e4rungen der wichtigsten Konzepte, zeigen verbesserungsw\u00fcrdige Bereiche auf und enthalten vollst\u00e4ndige \u00dcbungstests, um reale Pr\u00fcfungsbedingungen zu simulieren. Dar\u00fcber hinaus lernst du mit unseren B\u00fcchern zur Pr\u00fcfungsvorbereitung, dein Zeitmanagement zu verbessern, dein Selbstvertrauen zu st\u00e4rken und deine Chancen auf eine h\u00f6here Punktzahl zu verbessern. Wir bieten verschiedene B\u00fccher an, die dich durch diesen Prozess f\u00fchren, vom Videointerview bis zur Pr\u00fcfungsvorbereitung. Hier geht es zu unserem Amazon-Buchladen: <a data-type=\"link\" data-id=\"https:\/\/www.amazon.de\/-\/en\/dp\/B0BTL95SLT?binding=paperback&amp;qid=1740383322&amp;sr=8-2&amp;ref=dbs_dp_rwt_sb_pc_tpbk\" href=\"https:\/\/www.amazon.de\/-\/en\/dp\/B0BTL95SLT?binding=paperback&amp;qid=1740383322&amp;sr=8-2&amp;ref=dbs_dp_rwt_sb_pc_tpbk\" target=\"_blank\" rel=\"noreferrer noopener\">unser Amazon-Buchladen<\/a><\/p>\n<\/details>\n\n\n\n<details class=\"wp-block-details has-tertiary-color has-text-color has-poppins-font-family has-small-font-size is-layout-flow wp-block-details-is-layout-flow\" style=\"font-style:normal;font-weight:400;line-height:1.5\"><summary><strong>Andere Fragen?<\/strong><\/summary>\n<p style=\"font-size:14px;font-style:normal;font-weight:400\">Schau doch einfach mal in unserem <a href=\"https:\/\/edu-link.de\/de\/forum\/\" data-type=\"link\" data-id=\"https:\/\/edu-link.de\/de\/forum\/\" target=\"_blank\" rel=\"noreferrer noopener\">Forum<\/a> vorbei. Wenn du Fragen hast, die noch nicht beantwortet wurden, kannst du sie dort stellen. Wir werden dir so schnell wie m\u00f6glich antworten.<\/p>\n<\/details>\n\n\n\n\n\n\n\n\n\n\n\n\n\n\n\n\n\n<p><\/p>\n\n\n\n<div class=\"wp-block-group has-tertiary-color has-text-color has-link-color wp-elements-effeaedffe36b2d28be5a0681609e00f is-content-justification-center is-nowrap is-layout-flex wp-container-core-group-is-layout-18e21cb4 wp-block-group-is-layout-flex\" style=\"border-style:none;border-width:0px;padding-top:0;padding-right:0;padding-bottom:0;padding-left:0\">\n<div class=\"wp-block-columns is-layout-flex wp-container-core-columns-is-layout-28f84493 wp-block-columns-is-layout-flex\">\n<div class=\"wp-block-column is-vertically-aligned-stretch product-main-box is-layout-flow wp-block-column-is-layout-flow\" style=\"border-style:none;border-width:0px;border-radius:10px;padding-top:10px;padding-right:0px;padding-bottom:10px;padding-left:0px;flex-basis:100%\">\n<div class=\"wp-block-group main-image has-global-padding is-layout-constrained wp-container-core-group-is-layout-b1fefe26 wp-block-group-is-layout-constrained\">\n<div class=\"wp-block-group service-heading has-global-padding is-content-justification-center is-layout-constrained wp-block-group-is-layout-constrained\">\n<h2 class=\"wp-block-heading alignfull has-text-align-center has-white-color has-contrast-background-color has-text-color has-background has-poppins-font-family\" id=\"unserestgallen\" style=\"border-radius:40px;margin-top:var(--wp--preset--spacing--30);margin-bottom:var(--wp--preset--spacing--30);font-size:clamp(14.642px, 0.915rem + ((1vw - 3.2px) * 0.836), 22px);font-style:normal;font-weight:600\">Unsere Vorbereitungsb\u00fccher f\u00fcr das HSG Auswahlverfahren (Universit\u00e4t St. Gallen)<\/h2>\n\n\n<\/div>\n\n\n\n<div class=\"wp-block-columns alignfull has-global-padding is-layout-constrained wp-block-columns-is-layout-constrained\">\n<div class=\"wp-block-column is-vertically-aligned-stretch content-service has-small-font-size is-layout-flow wp-container-core-column-is-layout-b6c7cc2f wp-block-column-is-layout-flow\" style=\"border-bottom-left-radius:10px;border-bottom-right-radius:10px;margin-top:0;margin-bottom:0;padding-top:10px;padding-right:26px;padding-bottom:10px;padding-left:26px;flex-basis:175px\">\n<figure class=\"wp-block-image size-full wp-elements-4b3ab1b7c2ebf2d2051090822419cb5a\" style=\"margin-top:10px;padding-top:0;padding-bottom:0;font-size:clamp(14px, 0.875rem + ((1vw - 3.2px) * 0.455), 18px);font-style:normal;font-weight:600\"><img decoding=\"async\" width=\"698\" height=\"847\" src=\"https:\/\/edu-link.de\/wp-content\/uploads\/2025\/04\/hsg1de.jpeg\" alt=\"\" class=\"wp-image-1671\" style=\"object-fit:cover\" srcset=\"https:\/\/edu-link.de\/wp-content\/uploads\/2025\/04\/hsg1de.jpeg 698w, https:\/\/edu-link.de\/wp-content\/uploads\/2025\/04\/hsg1de-247x300.jpeg 247w, https:\/\/edu-link.de\/wp-content\/uploads\/2025\/04\/hsg1de-10x12.jpeg 10w\" sizes=\"(max-width: 698px) 100vw, 698px\" \/><\/figure>\n\n\n\n<div class=\"wp-block-group has-contrast-color has-text-color has-poppins-font-family has-global-padding is-layout-constrained wp-block-group-is-layout-constrained\" style=\"margin-top:var(--wp--preset--spacing--20);margin-bottom:var(--wp--preset--spacing--20);font-size:10px;font-style:normal;font-weight:400\">\n<h3 class=\"wp-block-heading has-text-align-center has-contrast-color has-text-color has-link-color has-poppins-font-family has-small-font-size wp-elements-0d20044123a891a0c4d389e3a2af00b6\" style=\"margin-top:10px;padding-top:0;padding-bottom:0;font-style:normal;font-weight:600;line-height:0.5\"><a href=\"https:\/\/amzn.to\/4cnhPCT\" data-type=\"link\" data-id=\"https:\/\/amzn.to\/4cnhPCT\" target=\"_blank\" rel=\"noreferrer noopener\">Leitfaden f\u00fcr das HSG Auswahlverfahren (Universit\u00e4t St. Gallen): Video-Interview &amp; Simulation<\/a><\/h3>\n\n\n\n<p class=\"has-tertiary-color has-text-color has-poppins-font-family\" style=\"margin-top:0.44rem;margin-right:0;margin-bottom:0.44rem;margin-left:0;font-size:12px;font-style:normal;font-weight:400\">\u2714 Hinweise zum Bewerbungsverfahren als internationaler Bewerber<br>\u2714 Tipps f\u00fcr das Videointerview<br>\u2714 Zwei komplette \u00dcbungspr\u00fcfungen f\u00fcr das Auswahlverfahren der Universit\u00e4t St. Gallen<br>\u2714 Ausf\u00fchrliche Antworten und L\u00f6sungswege<\/p>\n<\/div>\n<\/div>\n\n\n\n<div class=\"wp-block-column is-vertically-aligned-stretch content-service is-layout-flow wp-container-core-column-is-layout-b6c7cc2f wp-block-column-is-layout-flow\" style=\"border-bottom-left-radius:10px;border-bottom-right-radius:10px;margin-top:0;margin-bottom:0;padding-top:10px;padding-right:26px;padding-bottom:10px;padding-left:26px;flex-basis:175px\">\n<figure class=\"wp-block-image size-full wp-elements-9262b7483e5182eb97dfd35b55def9f6\" style=\"margin-top:10px;padding-top:0;padding-bottom:0;font-size:clamp(14px, 0.875rem + ((1vw - 3.2px) * 0.455), 18px);font-style:normal;font-weight:600\"><img decoding=\"async\" width=\"647\" height=\"825\" src=\"https:\/\/edu-link.de\/wp-content\/uploads\/2025\/04\/hsg2de-2.jpeg\" alt=\"\" class=\"wp-image-1687\" style=\"object-fit:cover\" srcset=\"https:\/\/edu-link.de\/wp-content\/uploads\/2025\/04\/hsg2de-2.jpeg 647w, https:\/\/edu-link.de\/wp-content\/uploads\/2025\/04\/hsg2de-2-235x300.jpeg 235w, https:\/\/edu-link.de\/wp-content\/uploads\/2025\/04\/hsg2de-2-9x12.jpeg 9w\" sizes=\"(max-width: 647px) 100vw, 647px\" \/><\/figure>\n\n\n\n<div class=\"wp-block-group has-contrast-color has-text-color has-poppins-font-family has-global-padding is-layout-constrained wp-block-group-is-layout-constrained\" style=\"margin-top:var(--wp--preset--spacing--20);margin-bottom:var(--wp--preset--spacing--20);font-size:10px;font-style:normal;font-weight:400\">\n<h3 class=\"wp-block-heading has-text-align-center has-contrast-color has-text-color has-link-color has-poppins-font-family has-small-font-size wp-elements-bb2842d9f9017cc4e52bedd84487c639\" style=\"margin-top:10px;padding-top:0;padding-bottom:0;font-style:normal;font-weight:600;line-height:0.5\"><a href=\"https:\/\/amzn.to\/44kaguC\" data-type=\"link\" data-id=\"https:\/\/amzn.to\/44kaguC\" target=\"_blank\" rel=\"noreferrer noopener\">1. Vorbereitungsbuch f\u00fcr das HSG Auswahlverfahren (Universit\u00e4t St. Gallen): Quantitative Probleme <\/a><\/h3>\n\n\n\n<p class=\"has-tertiary-color has-text-color has-poppins-font-family\" style=\"margin-top:0.44rem;margin-right:0;margin-bottom:0.44rem;margin-left:0;font-size:12px;font-style:normal;font-weight:400\">\u2714 \u00dcbersicht oft vorkommender Themengebiete<br>\u2714 Erkl\u00e4rung der wesentlichen mathematischen Hauptkonzepte<br>\u2714 Erl\u00e4uterung der g\u00e4ngigen Aufgabenstellungen des Untertests \u201eQuantitative Probleme\u201c<br>\u2714 F\u00fcnf \u00dcbungspr\u00fcfungen zu diesem Untertest mit insgesamt 80 Fragen und ausf\u00fchrlichen L\u00f6sungen<br>\u2714 Tipps f\u00fcr das Videointerview<\/p>\n<\/div>\n<\/div>\n\n\n\n<div class=\"wp-block-column is-vertically-aligned-stretch content-service is-layout-flow wp-container-core-column-is-layout-b6c7cc2f wp-block-column-is-layout-flow\" style=\"border-bottom-left-radius:10px;border-bottom-right-radius:10px;margin-top:0;margin-bottom:0;padding-top:10px;padding-right:26px;padding-bottom:10px;padding-left:26px;flex-basis:175px\">\n<figure class=\"wp-block-image size-full wp-elements-e2232d262d711f7d77c81a80b07d78d1\" style=\"margin-top:10px;padding-top:0;padding-bottom:0;font-size:clamp(14px, 0.875rem + ((1vw - 3.2px) * 0.455), 18px);font-style:normal;font-weight:600\"><img decoding=\"async\" width=\"666\" height=\"834\" src=\"https:\/\/edu-link.de\/wp-content\/uploads\/2025\/04\/hsg3de.jpeg\" alt=\"\" class=\"wp-image-1670\" style=\"object-fit:cover\" srcset=\"https:\/\/edu-link.de\/wp-content\/uploads\/2025\/04\/hsg3de.jpeg 666w, https:\/\/edu-link.de\/wp-content\/uploads\/2025\/04\/hsg3de-240x300.jpeg 240w, https:\/\/edu-link.de\/wp-content\/uploads\/2025\/04\/hsg3de-10x12.jpeg 10w\" sizes=\"(max-width: 666px) 100vw, 666px\" \/><\/figure>\n\n\n\n<div class=\"wp-block-group has-contrast-color has-text-color has-poppins-font-family has-global-padding is-layout-constrained wp-block-group-is-layout-constrained\" style=\"margin-top:var(--wp--preset--spacing--20);margin-bottom:var(--wp--preset--spacing--20);font-size:10px;font-style:normal;font-weight:400\">\n<h3 class=\"wp-block-heading has-text-align-center has-contrast-color has-text-color has-link-color has-poppins-font-family has-small-font-size wp-elements-2e04176cb8dcfb6fdaecbd5ed7949db1\" style=\"margin-top:10px;padding-top:0;padding-bottom:0;font-style:normal;font-weight:600;line-height:0.5\"><a href=\"https:\/\/amzn.to\/43AOouR\" data-type=\"link\" data-id=\"https:\/\/amzn.to\/43AOouR\" target=\"_blank\" rel=\"noreferrer noopener\">2. Vorbereitungsbuch f\u00fcr das HSG Auswahlverfahren (Universit\u00e4t St. Gallen): Grafiken und Tabellen<\/a><\/h3>\n\n\n\n<p class=\"has-tertiary-color has-text-color has-poppins-font-family\" style=\"margin-top:0.44rem;margin-right:0;margin-bottom:0.44rem;margin-left:0;font-size:12px;font-style:normal;font-weight:400\">\u2714 Ausf\u00fchrliche Erkl\u00e4rung der verschiedenen Diagrammarten<br>\u2714 Erl\u00e4uterung der g\u00e4ngigen Aufgabenstellungen des Untertests \u201eGrafiken und Tabellen\u201c mit zahlreichen Beispielaufgaben<br>\u2714 Drei \u00dcbungstests zu diesem Untertest mit insgesamt 48 Fragen und ausf\u00fchrlichen L\u00f6sungen<br>\u2714 Tipps f\u00fcr das Videointerview<\/p>\n<\/div>\n<\/div>\n<\/div>\n\n\n<\/div>\n<\/div>\n<\/div>\n<\/div>\n\n\n\n<div style=\"height:100px\" aria-hidden=\"true\" class=\"wp-block-spacer\"><\/div>\n\n\n\n<div style=\"height:50px\" aria-hidden=\"true\" class=\"wp-block-spacer\"><\/div>\n","protected":false},"excerpt":{"rendered":"<p>FAQ Unsere Vorbereitungsb\u00fccher f\u00fcr das HSG Auswahlverfahren (Universit\u00e4t St. Gallen) Leitfaden f\u00fcr das HSG Auswahlverfahren (Universit\u00e4t St. Gallen): Video-Interview &amp; Simulation \u2714 Hinweise zum Bewerbungsverfahren als internationaler Bewerber\u2714 Tipps f\u00fcr das Videointerview\u2714 Zwei komplette \u00dcbungspr\u00fcfungen f\u00fcr das Auswahlverfahren der Universit\u00e4t St. Gallen\u2714 Ausf\u00fchrliche Antworten und L\u00f6sungswege 1. Vorbereitungsbuch f\u00fcr das HSG Auswahlverfahren (Universit\u00e4t St. Gallen): [&hellip;]<\/p>\n","protected":false},"author":1,"featured_media":564,"parent":0,"menu_order":0,"comment_status":"open","ping_status":"closed","template":"","meta":{"_uag_custom_page_level_css":"","footnotes":""},"class_list":["post-362","page","type-page","status-publish","has-post-thumbnail","hentry"],"featured_image_url":{"thumbnail":"https:\/\/edu-link.de\/wp-content\/uploads\/2025\/03\/mountains-5237937-pixabay-250301-scaled-150x150.jpg","medium":"https:\/\/edu-link.de\/wp-content\/uploads\/2025\/03\/mountains-5237937-pixabay-250301-scaled-300x200.jpg","medium_large":"https:\/\/edu-link.de\/wp-content\/uploads\/2025\/03\/mountains-5237937-pixabay-250301-scaled-768x512.jpg","large":"https:\/\/edu-link.de\/wp-content\/uploads\/2025\/03\/mountains-5237937-pixabay-250301-scaled-1024x683.jpg","1536x1536":"https:\/\/edu-link.de\/wp-content\/uploads\/2025\/03\/mountains-5237937-pixabay-250301-scaled-1536x1024.jpg","2048x2048":"https:\/\/edu-link.de\/wp-content\/uploads\/2025\/03\/mountains-5237937-pixabay-250301-scaled-2048x1366.jpg","trp-custom-language-flag":"https:\/\/edu-link.de\/wp-content\/uploads\/2025\/03\/mountains-5237937-pixabay-250301-scaled-18x12.jpg"},"post_author":"Sofia Neumann","assigned_categories":"","uagb_featured_image_src":{"full":["https:\/\/edu-link.de\/wp-content\/uploads\/2025\/03\/mountains-5237937-pixabay-250301-scaled.jpg",2560,1707,false],"thumbnail":["https:\/\/edu-link.de\/wp-content\/uploads\/2025\/03\/mountains-5237937-pixabay-250301-scaled-150x150.jpg",150,150,true],"medium":["https:\/\/edu-link.de\/wp-content\/uploads\/2025\/03\/mountains-5237937-pixabay-250301-scaled-300x200.jpg",300,200,true],"medium_large":["https:\/\/edu-link.de\/wp-content\/uploads\/2025\/03\/mountains-5237937-pixabay-250301-scaled-768x512.jpg",768,512,true],"large":["https:\/\/edu-link.de\/wp-content\/uploads\/2025\/03\/mountains-5237937-pixabay-250301-scaled-1024x683.jpg",1024,683,true],"1536x1536":["https:\/\/edu-link.de\/wp-content\/uploads\/2025\/03\/mountains-5237937-pixabay-250301-scaled-1536x1024.jpg",1536,1024,true],"2048x2048":["https:\/\/edu-link.de\/wp-content\/uploads\/2025\/03\/mountains-5237937-pixabay-250301-scaled-2048x1366.jpg",2048,1366,true],"trp-custom-language-flag":["https:\/\/edu-link.de\/wp-content\/uploads\/2025\/03\/mountains-5237937-pixabay-250301-scaled-18x12.jpg",18,12,true]},"uagb_author_info":{"display_name":"Sofia Neumann","author_link":"https:\/\/edu-link.de\/de\/author\/admin\/"},"uagb_comment_info":0,"uagb_excerpt":"FAQ Unsere Vorbereitungsb\u00fccher f\u00fcr das HSG Auswahlverfahren (Universit\u00e4t St. Gallen) Leitfaden f\u00fcr das HSG Auswahlverfahren (Universit\u00e4t St. Gallen): Video-Interview &amp; Simulation \u2714 Hinweise zum Bewerbungsverfahren als internationaler Bewerber\u2714 Tipps f\u00fcr das Videointerview\u2714 Zwei komplette \u00dcbungspr\u00fcfungen f\u00fcr das Auswahlverfahren der Universit\u00e4t St. Gallen\u2714 Ausf\u00fchrliche Antworten und L\u00f6sungswege 1. Vorbereitungsbuch f\u00fcr das HSG Auswahlverfahren (Universit\u00e4t St. Gallen):&hellip;","_links":{"self":[{"href":"https:\/\/edu-link.de\/de\/wp-json\/wp\/v2\/pages\/362","targetHints":{"allow":["GET"]}}],"collection":[{"href":"https:\/\/edu-link.de\/de\/wp-json\/wp\/v2\/pages"}],"about":[{"href":"https:\/\/edu-link.de\/de\/wp-json\/wp\/v2\/types\/page"}],"author":[{"embeddable":true,"href":"https:\/\/edu-link.de\/de\/wp-json\/wp\/v2\/users\/1"}],"replies":[{"embeddable":true,"href":"https:\/\/edu-link.de\/de\/wp-json\/wp\/v2\/comments?post=362"}],"version-history":[{"count":1,"href":"https:\/\/edu-link.de\/de\/wp-json\/wp\/v2\/pages\/362\/revisions"}],"predecessor-version":[{"id":6571,"href":"https:\/\/edu-link.de\/de\/wp-json\/wp\/v2\/pages\/362\/revisions\/6571"}],"wp:featuredmedia":[{"embeddable":true,"href":"https:\/\/edu-link.de\/de\/wp-json\/wp\/v2\/media\/564"}],"wp:attachment":[{"href":"https:\/\/edu-link.de\/de\/wp-json\/wp\/v2\/media?parent=362"}],"curies":[{"name":"wp","href":"https:\/\/api.w.org\/{rel}","templated":true}]}}