{"id":288,"date":"2025-02-18T18:27:57","date_gmt":"2025-02-18T18:27:57","guid":{"rendered":"https:\/\/edu-link.de\/?page_id=288"},"modified":"2026-03-19T13:18:37","modified_gmt":"2026-03-19T13:18:37","slug":"impressum","status":"publish","type":"page","link":"https:\/\/edu-link.de\/de\/impressum\/","title":{"rendered":"Impressum"},"content":{"rendered":"\n<p>edulink GmbH<br><br>Schwalbenstr. 2<br>81541 M\u00fcnchen<br>Deutschland<br><br>Tel.: +49 89 99756141<br>Fax: +49 89 854 66320<br>E-Mail: info[at]edu-link.de<br>&nbsp;<\/p>\n\n\n\n<p>Gesch\u00e4ftsf\u00fchrender Gesellschafter: \u00d6zveri Bauschmid<\/p>\n\n\n\n<p>Umsatzsteuer-Identifikationsnummer gem\u00e4\u00df \u00a7 27 a Umsatzsteuergesetz: DE311269968<\/p>\n\n\n\n<p>Platform of the EU Commission regarding online dispute resolution:&nbsp;<a href=\"https:\/\/ec.europa.eu\/consumers\/odr\" target=\"_blank\" rel=\"noreferrer noopener\">https:\/\/ec.europa.eu\/consumers\/odr<\/a><\/p>\n\n\n\n<p><\/p>\n\n\n\n<h4 class=\"wp-block-heading\">Haftungshinweis<\/h4>\n\n\n\n<p>edulink GmbH&nbsp;pr\u00fcft und aktualisiert die Informationen auf ihren Webseiten st\u00e4ndig. Trotz aller Sorgfalt k\u00f6nnen sich die Daten ver\u00e4ndert haben. Eine Haftung oder Garantie f\u00fcr die Aktualit\u00e4t, Richtigkeit und Vollst\u00e4ndigkeit der zur Verf\u00fcgung gestellten Informationen kann daher nicht \u00fcbernommen werden. Auch f\u00fcr externe Websites \u00fcbernehmen wir keine Haftung.<\/p>\n\n\n\n<p>Des Weiteren beh\u00e4lt sich das edulink GmbH&nbsp;das Recht vor, \u00c4nderungen oder Erg\u00e4nzungen der bereitgestellten Informationen vorzunehmen.<\/p>\n\n\n\n<p>Inhalt und Struktur dieser Website sind urheberrechtlich gesch\u00fctzt.<\/p>\n\n\n\n<p>F\u00fcr den Inhalt der verlinkten Seiten sind ausschlie\u00dflich deren Betreiber verantwortlich.<\/p>\n\n\n\n<p><strong><em>Inhaltlich verantwortlich gem\u00e4\u00df Paragraf 55 Rundfunkstaatsvertrag (RfStV) und Absatz 5 Telemediengesetz (TMG):<br><\/em><\/strong>edulink\u00a0GmbH\u00a0(Adresse s.o.)<\/p>\n","protected":false},"excerpt":{"rendered":"<p>edulink GmbH Schwalbenstr. 281541 M\u00fcnchenDeutschland Tel.: +49 89 99756141Fax: +49 89 854 66320E-Mail: info[at]edu-link.de&nbsp; Gesch\u00e4ftsf\u00fchrender Gesellschafter: \u00d6zveri Bauschmid Umsatzsteuer-Identifikationsnummer gem\u00e4\u00df \u00a7 27 a Umsatzsteuergesetz: DE311269968 Platform of the EU Commission regarding online dispute resolution:&nbsp;https:\/\/ec.europa.eu\/consumers\/odr Haftungshinweis edulink GmbH&nbsp;pr\u00fcft und aktualisiert die Informationen auf ihren Webseiten st\u00e4ndig. Trotz aller Sorgfalt k\u00f6nnen sich die Daten ver\u00e4ndert haben. Eine [&hellip;]<\/p>\n","protected":false},"author":1,"featured_media":0,"parent":0,"menu_order":0,"comment_status":"closed","ping_status":"closed","template":"","meta":{"_uag_custom_page_level_css":"","footnotes":""},"class_list":["post-288","page","type-page","status-publish","hentry"],"featured_image_url":[],"post_author":"Sofia Neumann","assigned_categories":"","uagb_featured_image_src":{"full":false,"thumbnail":false,"medium":false,"medium_large":false,"large":false,"1536x1536":false,"2048x2048":false,"trp-custom-language-flag":false},"uagb_author_info":{"display_name":"Sofia Neumann","author_link":"https:\/\/edu-link.de\/de\/author\/admin\/"},"uagb_comment_info":0,"uagb_excerpt":"edulink GmbH Schwalbenstr. 281541 M\u00fcnchenDeutschland Tel.: +49 89 99756141Fax: +49 89 854 66320E-Mail: info[at]edu-link.de&nbsp; Gesch\u00e4ftsf\u00fchrender Gesellschafter: \u00d6zveri Bauschmid Umsatzsteuer-Identifikationsnummer gem\u00e4\u00df \u00a7 27 a Umsatzsteuergesetz: DE311269968 Platform of the EU Commission regarding online dispute resolution:&nbsp;https:\/\/ec.europa.eu\/consumers\/odr Haftungshinweis edulink GmbH&nbsp;pr\u00fcft und aktualisiert die Informationen auf ihren Webseiten st\u00e4ndig. Trotz aller Sorgfalt k\u00f6nnen sich die Daten ver\u00e4ndert haben. Eine&hellip;","_links":{"self":[{"href":"https:\/\/edu-link.de\/de\/wp-json\/wp\/v2\/pages\/288","targetHints":{"allow":["GET"]}}],"collection":[{"href":"https:\/\/edu-link.de\/de\/wp-json\/wp\/v2\/pages"}],"about":[{"href":"https:\/\/edu-link.de\/de\/wp-json\/wp\/v2\/types\/page"}],"author":[{"embeddable":true,"href":"https:\/\/edu-link.de\/de\/wp-json\/wp\/v2\/users\/1"}],"replies":[{"embeddable":true,"href":"https:\/\/edu-link.de\/de\/wp-json\/wp\/v2\/comments?post=288"}],"version-history":[{"count":1,"href":"https:\/\/edu-link.de\/de\/wp-json\/wp\/v2\/pages\/288\/revisions"}],"predecessor-version":[{"id":6575,"href":"https:\/\/edu-link.de\/de\/wp-json\/wp\/v2\/pages\/288\/revisions\/6575"}],"wp:attachment":[{"href":"https:\/\/edu-link.de\/de\/wp-json\/wp\/v2\/media?parent=288"}],"curies":[{"name":"wp","href":"https:\/\/api.w.org\/{rel}","templated":true}]}}