{"id":271,"date":"2025-02-18T12:30:33","date_gmt":"2025-02-18T12:30:33","guid":{"rendered":"https:\/\/edu-link.de\/?page_id=271"},"modified":"2026-03-19T13:18:37","modified_gmt":"2026-03-19T13:18:37","slug":"unsere-agb","status":"publish","type":"page","link":"https:\/\/edu-link.de\/de\/unsere-agb\/","title":{"rendered":"Unsere AGB"},"content":{"rendered":"\n<h2 class=\"wp-block-heading has-text-align-left\"><strong>Allgemeine Gesch\u00e4ftsbedingungen<\/strong><\/h2>\n\n\n\n<p>&#8212;&#8212;&#8212;&#8212;&#8212;&#8212;&#8212;&#8212;&#8212;&#8212;&#8212;&#8212;&#8212;&#8212;&#8212;&#8212;&#8212;&#8212;&#8212;&#8212;&#8212;&#8212;&#8212;&#8212;&#8212;&#8212;&#8212;&#8212;&#8212;&#8212;-<\/p>\n\n\n\n<p><strong>Inhaltsverzeichnis<\/strong><\/p>\n\n\n\n<details class=\"wp-block-details is-layout-flow wp-block-details-is-layout-flow\"><summary>1. Geltungsbereich<\/summary>\n<p>1.1 Diese Allgemeinen Gesch\u00e4ftsbedingungen (nachfolgend &#8222;AGB&#8220;) der edulink GmbH&nbsp;(nachfolgend &#8222;Lizenzgeber&#8220;), gelten f\u00fcr alle Vertr\u00e4ge \u00fcber die Lieferung von nicht auf einem k\u00f6rperlichen Datentr\u00e4ger befindlichen Daten, die in digitaler Form hergestellt und bereitgestellt werden (digitale Inhalte), die ein Verbraucher oder Unternehmer (nachfolgend &#8222;Lizenznehmer&#8220;) mit dem Lizenzgeber hinsichtlich der vom Lizenzgeber in seinem Online-Shop dargestellten digitalen Inhalte abschlie\u00dft. Hiermit wird der Einbeziehung von eigenen Bedingungen des Lizenznehmers widersprochen, es sei denn, es ist etwas anderes vereinbart.<\/p>\n\n\n\n<p>1.2 Vertragsgegenstand ist die \u00dcberlassung der vom Lizenzgeber angebotenen digitalen Inhalte an den Lizenznehmer in elektronischer Form unter Einr\u00e4umung bestimmter, in diesen AGB genauer geregelten Nutzungsrechte.<\/p>\n\n\n\n<p>1.3 Verbraucher im Sinne dieser AGB ist jede nat\u00fcrliche Person, die ein Rechtsgesch\u00e4ft zu Zwecken abschlie\u00dft, die \u00fcberwiegend weder ihrer gewerblichen noch ihrer selbst\u00e4ndigen beruflichen T\u00e4tigkeit zugerechnet werden k\u00f6nnen. Unternehmer im Sinne dieser AGB ist eine nat\u00fcrliche oder juristische Person oder eine rechtsf\u00e4hige Personengesellschaft, die bei Abschluss eines Rechtsgesch\u00e4fts in Aus\u00fcbung ihrer gewerblichen oder selbst\u00e4ndigen beruflichen T\u00e4tigkeit handelt.<\/p>\n<\/details>\n\n\n\n<details class=\"wp-block-details is-layout-flow wp-block-details-is-layout-flow\"><summary>2. Vertragsschluss<\/summary>\n<p>2.1 Die im Online-Shop des Lizenzgebers ver\u00f6ffentlichten Inhalte stellen keine verbindlichen Angebote seitens des Lizenzgebers dar, sondern dienen zur Abgabe eines verbindlichen Angebots durch den Lizenznehmer.<\/p>\n\n\n\n<p>2.2 Der Lizenznehmer kann das Angebot \u00fcber das in den Online-Shop des Lizenzgebers integrierte Online-Bestellformular abgeben. Dabei gibt der Lizenznehmer, nachdem er die ausgew\u00e4hlten digitalen Inhalte in den virtuellen Warenkorb gelegt und den elektronischen Bestellprozess durchlaufen hat, durch Klicken des den Bestellvorgang abschlie\u00dfenden Buttons ein rechtlich verbindliches Vertragsangebot in Bezug auf die im Warenkorb enthaltenen digitalen Inhalte ab. Ferner kann der Lizenznehmer das Angebot auch per E-Mail gegen\u00fcber dem Lizenzgeber abgeben.<\/p>\n\n\n\n<p>2.3 Der Lizenzgeber kann das Angebot des Lizenznehmers innerhalb von f\u00fcnf Tagen annehmen,<\/p>\n\n\n\n<ul class=\"wp-block-list\">\n<li>indem er dem Lizenznehmer eine schriftliche Auftragsbest\u00e4tigung oder eine Auftragsbest\u00e4tigung in Textform (Fax oder E-Mail) \u00fcbermittelt, wobei insoweit der Zugang der Auftragsbest\u00e4tigung beim Lizenznehmer ma\u00dfgeblich ist, oder<\/li>\n\n\n\n<li>indem er dem Lizenznehmer die bestellten digitalen Inhalte \u00fcberl\u00e4sst, wobei insoweit der Zugang beim Lizenznehmer ma\u00dfgeblich ist, oder<\/li>\n\n\n\n<li>indem er den Lizenznehmer nach Abgabe von dessen Bestellung zur Zahlung auffordert.<\/li>\n<\/ul>\n\n\n\n<p>Liegen mehrere der vorgenannten Alternativen vor, kommt der Vertrag in dem Zeitpunkt zustande, in dem eine der vorgenannten Alternativen zuerst eintritt. Nimmt der Lizenzgeber das Angebot des Lizenznehmers innerhalb vorgenannter Frist nicht an, so gilt dies als Ablehnung des Angebots mit der Folge, dass der Lizenznehmer nicht mehr an seine Willenserkl\u00e4rung gebunden ist.<\/p>\n\n\n\n<p>2.4 W\u00e4hlt der Lizenznehmer im Rahmen des Online-Bestellvorgangs &#8222;PayPal&#8220; als Zahlungsart aus, erteilt er durch Klicken des den Bestellvorgang abschlie\u00dfenden Buttons zugleich auch einen Zahlungsauftrag an seinen Zahlungsdienstleister. F\u00fcr diesen Fall erkl\u00e4rt der Lizenzgeber abweichend von Ziffer 2.3 schon jetzt die Annahme des Angebots des Lizenznehmers in dem Zeitpunkt, in dem der Lizenznehmer durch Klicken des den Bestellvorgang abschlie\u00dfenden Buttons den Zahlungsvorgang ausl\u00f6st.<\/p>\n\n\n\n<p>2.5 Die Frist zur Annahme des Angebots beginnt am Tag nach der Absendung des Angebots durch den Lizenznehmern zu laufen und endet mit dem Ablauf des f\u00fcnften Tages, welcher auf die Absendung des Angebots folgt.<\/p>\n\n\n\n<p>2.6 Bei der Abgabe eines Angebots \u00fcber das Online-Bestellformular des Lizenzgebers wird der Vertragstext vom Lizenzgeber gespeichert und dem Lizenznehmern nach Absendung seiner Bestellung nebst den vorliegenden AGB in Textform (z. B. E-Mail, Fax oder Brief) zugeschickt<\/p>\n\n\n\n<p>2.7 Vor verbindlicher Abgabe der Bestellung \u00fcber das Online-Bestellformular kann der Lizenznehmer seine Eingaben laufend \u00fcber die \u00fcblichen Tastatur- und Mausfunktionen korrigieren. Dar\u00fcber hinaus werden alle Eingaben vor der verbindlichen Abgabe der Bestellung noch einmal in einem Best\u00e4tigungsfenster angezeigt und k\u00f6nnen auch dort mittels der \u00fcblichen Tastatur- und Mausfunktionen korrigiert werden.<\/p>\n\n\n\n<p>2.8 F\u00fcr den Vertragsschluss steht ausschlie\u00dflich die deutsche Sprache zur Verf\u00fcgung.<\/p>\n\n\n\n<p>2.9 Die Bestellabwicklung und Kontaktaufnahme finden in der Regel per E-Mail und automatisierter Bestellabwicklung statt. Der Kunde hat sicherzustellen, dass die von ihm zur Bestellabwicklung angegebene E-Mail-Adresse zutreffend ist, so dass unter dieser Adresse die vom Lizenzgeber versandten E-Mails empfangen werden k\u00f6nnen. Insbesondere hat der Kunde bei dem Einsatz von SPAM-Filtern sicherzustellen, dass alle vom Lizenzgeber oder von diesem mit der Bestellabwicklung beauftragten Dritten versandten E-Mails zugestellt werden k\u00f6nnen.<\/p>\n<\/details>\n\n\n\n<details class=\"wp-block-details is-layout-flow wp-block-details-is-layout-flow\"><summary>3. Widerrufsrecht<\/summary>\n<p>Verbrauchern steht grunds\u00e4tzlich ein Widerrufsrecht zu. N\u00e4here Informationen zum Widerrufsrecht ergeben sich aus der Widerrufsbelehrung des Lizenzgebers.<\/p>\n<\/details>\n\n\n\n<details class=\"wp-block-details is-layout-flow wp-block-details-is-layout-flow\"><summary>4. Verg\u00fctung<\/summary>\n<p>4.1 F\u00fcr die Rechtseinr\u00e4umung an den jeweiligen digitalen Inhalten erh\u00e4lt der Lizenzgeber eine Pauschallizenzgeb\u00fchr, deren H\u00f6he sich aus der jeweiligen Artikelbeschreibung ergibt.<\/p>\n\n\n\n<p>4.2 Die vom Lizenzgeber angegebenen Preise sind Gesamtpreise und enthalten die gesetzliche Umsatzsteuer.<\/p>\n\n\n\n<p>4.3 Bei Zahlungen in L\u00e4ndern au\u00dferhalb der Europ\u00e4ischen Union k\u00f6nnen im Einzelfall weitere Kosten anfallen, die der Lizenzgeber nicht zu vertreten hat und die vom Lizenznehmer zu tragen sind. Hierzu z\u00e4hlen beispielsweise Kosten f\u00fcr die Geld\u00fcbermittlung durch Kreditinstitute (z.B. \u00dcberweisungsgeb\u00fchren, Wechselkursgeb\u00fchren).<\/p>\n\n\n\n<p>4.4 Dem Lizenznehmer stehen verschiedene Zahlungsm\u00f6glichkeiten zur Verf\u00fcgung, die im Online-Shop des Lizenzgebers angegeben werden.<\/p>\n\n\n\n<p>4.5 Ist Vorauskasse vereinbart, ist die Zahlung sofort nach Vertragsabschluss f\u00e4llig.<\/p>\n\n\n\n<p>4.6 Bei Auswahl der Zahlungsart &#8222;PayPal&#8220; erfolgt die Zahlungsabwicklung \u00fcber den Zahlungsdienstleister PayPal (Europe) S.\u00e0 r.l. et Cie, S.C.A., 22-24 Boulevard Royal, L-2449 Luxembourg unter Geltung der PayPal-Nutzungsbedingungen, einsehbar unter&nbsp;https:\/\/www.paypal.com\/de\/webapps\/mpp\/ua\/useragreement-full.<\/p>\n\n\n\n<p>4.7 Bei Auswahl der Zahlungsart &#8222;PayPal Rechnung&#8220; erfolgt die Zahlungsabwicklung \u00fcber den Zahlungsdienstleister PayPal (Europe) S.\u00e0 r.l. et Cie, S.C.A., 22-24 Boulevard Royal, L-2449 Luxembourg, (im Folgenden: &#8222;PayPal&#8220;), an die der Verk\u00e4ufer seine Zahlungsforderung abtritt. Vor Annahme der Abtretungserkl\u00e4rung des Verk\u00e4ufers f\u00fchrt PayPal unter Verwendung der \u00fcbermittelten Kundendaten eine Bonit\u00e4tspr\u00fcfung durch. Der Verk\u00e4ufer beh\u00e4lt sich vor, dem Kunden die Zahlungsart &#8222;PayPal Rechnung&#8220; im Falle eines negativen Pr\u00fcfungsergebnisses zu verweigern. Wird die Zahlungsart &#8222;PayPal Rechnung&#8220; von PayPal zugelassen, hat der Kunde den Rechnungsbetrag innerhalb von 14 Tagen ab Erhalt der Ware an PayPal zu bezahlen. Er kann in diesem Fall nur an PayPal mit schuldbefreiender Wirkung leisten. Der Verk\u00e4ufer bleibt jedoch auch im Falle der Forderungsabtretung zust\u00e4ndig f\u00fcr allgemeine Kundenanfragen z. B. zur Ware, Lieferzeit, Versendung, Retouren, Reklamationen, Widerrufserkl\u00e4rungen und -zusendungen oder Gutschriften. Erg\u00e4nzend gelten die Allgemeinen Nutzungsbedingungen f\u00fcr die Nutzung des Rechnungskaufs von PayPal, einsehbar unter&nbsp;https:\/\/www.paypal.com\/de\/webapps\/mpp\/ua\/pui-terms.<\/p>\n<\/details>\n\n\n\n<details class=\"wp-block-details is-layout-flow wp-block-details-is-layout-flow\"><summary>5. \u00dcberlassung der Inhalte<\/summary>\n<p>Die \u00dcberlassung der digitalen Inhalte erfolgt ausschlie\u00dflich in elektronischer Form per E-Mail oder per Download von der Website des Lizenzgebers.<\/p>\n<\/details>\n\n\n\n<details class=\"wp-block-details is-layout-flow wp-block-details-is-layout-flow\"><summary>6. Einr\u00e4umung von Nutzungsrechten<\/summary>\n<p>6.1 Die digitalen Inhalte sind urheberrechtlich gesch\u00fctzt. Der Lizenzgeber verschafft dem Lizenznehmer an digitalen Inhalten kein Eigentum. Der Lizenzgeber r\u00e4umt dem Lizenznehmer an den \u00fcberlassenen digitalen Inhalten das nicht ausschlie\u00dfliche, nicht unterlizenzierbare und \u00f6rtlich und zeitlich unbeschr\u00e4nkte Recht ein, die \u00fcberlassenen digitalen Inhalte ausschlie\u00dflich zu privaten Zwecken gem\u00e4\u00df Urheberrechtsgesetz zu nutzen.<\/p>\n\n\n\n<p>6.2 Dem Lizenznehmer wird gestattet, die digitalen Inhalte einmalig herunterzuladen und ausschlie\u00dflich f\u00fcr den pers\u00f6nlichen Gebrauch auf eigene Endger\u00e4te seiner Wahl zu kopieren. Dar\u00fcber hinaus ist es nicht gestattet, die digitalen Inhalte f\u00fcr Dritte zu kopieren, \u00f6ffentlich zug\u00e4nglich zu machen bzw. weiterzuleiten, im Internet oder in andere Netzwerke entgeltlich oder unentgeltlich einzustellen, sie nachzuahmen, weiterzuverkaufen oder f\u00fcr kommerzielle Zwecke zu nutzen.<\/p>\n\n\n\n<p>6.3 Soweit m\u00f6glich wird der Lizenzgeber dem Lizenznehmer weitere Downloads nach dem ersten vollst\u00e4ndig erfolgten Download (Re-Downloads) erm\u00f6glichen; ein Anspruch hierauf besteht jedoch nicht. Der Lizenzgeber ist berechtigt, die M\u00f6glichkeit zum Download jederzeit vor\u00fcbergehend oder auf Dauer zu \u00e4ndern, zu unterbrechen oder einzustellen.<\/p>\n\n\n\n<p>6.4 Digitale Inhalte k\u00f6nnen mit digitalen Wasserzeichen individuell markiert sein, so dass die Ermittlung und Verfolgung des urspr\u00fcnglichen Lizenznehmers im Fall einer missbr\u00e4uchlichen Nutzung m\u00f6glich ist. Downloads k\u00f6nnen auch \u00fcber einen DRM-Schutz (Adobe Digital Rights Management) gegen illegale Vervielf\u00e4ltigung gesch\u00fctzt sein. Die Nutzung dieser Downloads \u00fcber Endger\u00e4te des Lizenznehmers ist nur \u00fcber die jeweilige auf dem bzw. den Endger\u00e4te\/n des Kunden hinterlegte Adobe-ID des Lizenznehmers m\u00f6glich. Der Lizenznehmer darf ein eingesetztes Digital Rights Management (DRM), sonstige technische Sicherungen und\/oder Informationen zur Rechteverwaltung nicht umgehen oder entfernen.<\/p>\n\n\n\n<p>6.5 Der Lizenznehmer haftet f\u00fcr alle Sch\u00e4den und Entgelte, die aus der Nutzung der digitalen Inhalte durch Dritte entstehen, soweit dem Lizenznehmer diese Nutzung zugerechnet werden kann.<\/p>\n\n\n\n<p>6.6 Die Rechtseinr\u00e4umung wird gem. \u00a7 158 Abs. 1 BGB erst wirksam, wenn der Lizenznehmer die gem\u00e4\u00df Ziffer 4 dieses Vertrages geschuldete Verg\u00fctung vollst\u00e4ndig geleistet hat. Der Lizenzgeber kann eine Benutzung der vertragsgegenst\u00e4ndlichen digitalen Inhalte auch schon vor diesem Zeitpunkt vorl\u00e4ufig erlauben. Ein \u00dcbergang der Rechte findet durch eine solche vorl\u00e4ufige Erlaubnis nicht statt.<\/p>\n<\/details>\n\n\n\n<details class=\"wp-block-details is-layout-flow wp-block-details-is-layout-flow\"><summary>7. M\u00e4ngelhaftung<\/summary>\n<p>Es gilt die gesetzliche M\u00e4ngelhaftung.<\/p>\n<\/details>\n\n\n\n<details class=\"wp-block-details is-layout-flow wp-block-details-is-layout-flow\"><summary>8. Haftung<\/summary>\n<p>Die gesamten digitalen Inhalte sind mit Sorgfalt und nach bestem Wissen und Gewissen erstellt worden. Von Seiten des Lizenzgebers wird keine Haftung f\u00fcr die Vollst\u00e4ndigkeit des angebotenen Inhalts \u00fcbernommen und ausdr\u00fccklich nicht ein bestimmter Lern- bzw. Pr\u00fcfungserfolg garantiert.<\/p>\n\n\n\n<p>Die Haftung von Lizenzgeber f\u00fcr Sch\u00e4den durch vors\u00e4tzliches oder grob fahrl\u00e4ssiges Verhalten von Lizenzgeber, f\u00fcr Personensch\u00e4den und Sch\u00e4den nach dem Produkthaftungsgesetz ist nach Ma\u00dfgabe der gesetzlichen Bestimmungen.<\/p>\n\n\n\n<p>F\u00fcr leicht fahrl\u00e4ssig verursachte Sch\u00e4den haftet der Lizenzgeber nur, soweit diese auf der Verletzung der Kardinalpflichten beruhen. Als Kardinalpflicht werden wesentliche Pflichten eines Vertrags bezeichnet, die erf\u00fcllt werden m\u00fcssen, um das festgelegte Vertragsziel zu erreichen. Die Haftung des Lizenzgebers f\u00fcr einfache Fahrl\u00e4ssigkeit nach dieser Regelung ist auf den typischerweise vorhersehbaren Schaden begrenzt.<\/p>\n<\/details>\n\n\n\n<details class=\"wp-block-details is-layout-flow wp-block-details-is-layout-flow\"><summary>9. Anwendbares Recht<\/summary>\n<p>F\u00fcr s\u00e4mtliche Rechtsbeziehungen der Parteien gilt das Recht der Bundesrepublik Deutschland unter Ausschluss der Gesetze \u00fcber den internationalen Kauf beweglicher Waren. Bei Verbrauchern gilt diese Rechtswahl nur insoweit, als nicht der gew\u00e4hrte Schutz durch zwingende Bestimmungen des Rechts des Staates, in dem der Verbraucher seinen gew\u00f6hnlichen Aufenthalt hat, entzogen wird.<\/p>\n<\/details>\n\n\n\n<details class=\"wp-block-details is-layout-flow wp-block-details-is-layout-flow\"><summary>10. Schlussbestimmungen<\/summary>\n<p>Sollten ein oder mehrere Bestimmungen dieser allgemeinen Gesch\u00e4ftsbedingungen ganz oder teilweise unwirksam sein oder ihre Rechtswirksamkeit sp\u00e4ter verlieren, so wird hierdurch die Wirksamkeit der Gesch\u00e4ftsbedingungen im \u00dcbrigen nicht ber\u00fchrt.<\/p>\n<\/details>\n","protected":false},"excerpt":{"rendered":"<p>Allgemeine Gesch\u00e4ftsbedingungen &#8212;&#8212;&#8212;&#8212;&#8212;&#8212;&#8212;&#8212;&#8212;&#8212;&#8212;&#8212;&#8212;&#8212;&#8212;&#8212;&#8212;&#8212;&#8212;&#8212;&#8212;&#8212;&#8212;&#8212;&#8212;&#8212;&#8212;&#8212;&#8212;&#8212;- Inhaltsverzeichnis<\/p>\n","protected":false},"author":1,"featured_media":0,"parent":0,"menu_order":0,"comment_status":"closed","ping_status":"closed","template":"","meta":{"_uag_custom_page_level_css":"","footnotes":""},"class_list":["post-271","page","type-page","status-publish","hentry"],"featured_image_url":[],"post_author":"Sofia Neumann","assigned_categories":"","uagb_featured_image_src":{"full":false,"thumbnail":false,"medium":false,"medium_large":false,"large":false,"1536x1536":false,"2048x2048":false,"trp-custom-language-flag":false},"uagb_author_info":{"display_name":"Sofia Neumann","author_link":"https:\/\/edu-link.de\/de\/author\/admin\/"},"uagb_comment_info":0,"uagb_excerpt":"Allgemeine Gesch\u00e4ftsbedingungen &#8212;&#8212;&#8212;&#8212;&#8212;&#8212;&#8212;&#8212;&#8212;&#8212;&#8212;&#8212;&#8212;&#8212;&#8212;&#8212;&#8212;&#8212;&#8212;&#8212;&#8212;&#8212;&#8212;&#8212;&#8212;&#8212;&#8212;&#8212;&#8212;&#8212;- Inhaltsverzeichnis","_links":{"self":[{"href":"https:\/\/edu-link.de\/de\/wp-json\/wp\/v2\/pages\/271","targetHints":{"allow":["GET"]}}],"collection":[{"href":"https:\/\/edu-link.de\/de\/wp-json\/wp\/v2\/pages"}],"about":[{"href":"https:\/\/edu-link.de\/de\/wp-json\/wp\/v2\/types\/page"}],"author":[{"embeddable":true,"href":"https:\/\/edu-link.de\/de\/wp-json\/wp\/v2\/users\/1"}],"replies":[{"embeddable":true,"href":"https:\/\/edu-link.de\/de\/wp-json\/wp\/v2\/comments?post=271"}],"version-history":[{"count":1,"href":"https:\/\/edu-link.de\/de\/wp-json\/wp\/v2\/pages\/271\/revisions"}],"predecessor-version":[{"id":6577,"href":"https:\/\/edu-link.de\/de\/wp-json\/wp\/v2\/pages\/271\/revisions\/6577"}],"wp:attachment":[{"href":"https:\/\/edu-link.de\/de\/wp-json\/wp\/v2\/media?parent=271"}],"curies":[{"name":"wp","href":"https:\/\/api.w.org\/{rel}","templated":true}]}}